{"id":5130,"date":"2016-09-22T15:27:05","date_gmt":"2016-09-22T15:27:05","guid":{"rendered":"https:\/\/www.akmen.com.tr\/about\/"},"modified":"2021-03-27T09:42:59","modified_gmt":"2021-03-27T09:42:59","slug":"hakkimizda","status":"publish","type":"page","link":"https:\/\/www.akmen.com.tr\/tr\/hakkimizda\/","title":{"rendered":"Hakk\u0131m\u0131zda"},"content":{"rendered":"\n\t<section class=\"section dark has-mask mask-angled-right-large\" id=\"section_1602358282\">\n\t\t<div class=\"bg section-bg fill bg-fill  \" >\n\n\t\t\t\n\t\t\t<div class=\"section-bg-overlay absolute fill\"><\/div>\n\t\t\t\n\n\t\t<\/div>\n\n\t\t\n\n\t\t<div class=\"section-content relative\">\n\t\t\t\n\n<div class=\"row align-middle align-center\"  id=\"row-68350692\">\n\n\n\t<div id=\"col-228821835\" class=\"col medium-7 small-12 large-7 small-col-first col-hover-focus\"  >\n\t\t\t\t<div class=\"col-inner dark\"  >\n\t\t\t\n\t\t\t\n\n\t<div id=\"text-2606254678\" class=\"text\">\n\t\t\n\n<p><strong>Hayal edebildi\u011finizi \u00fcretir<\/strong>, <br>Hayal edemedi\u011finizi tasarlar\u0131z.<\/p>\n\t\t\n<style>\n#text-2606254678 {\n  font-size: 2.25rem;\n  line-height: 1.25;\n  text-align: left;\n}\n<\/style>\n\t<\/div>\n\t\n\n\t\t<\/div>\n\t\t\t\t\n<style>\n#col-228821835 > .col-inner {\n  padding: 0px 0px 0px 0px;\n  margin: 81px 0px 0px 0px;\n}\n@media (min-width:550px) {\n  #col-228821835 > .col-inner {\n    margin: 0px 0px 0pxx 0px;\n  }\n}\n<\/style>\n\t<\/div>\n\n\t\n\n\t<div id=\"col-1390765990\" class=\"col medium-5 small-12 large-5\"  >\n\t\t\t\t<div class=\"col-inner\"  >\n\t\t\t\n\t\t\t\n\n<div class=\"video video-fit mb video\" style=\"padding-top:56.25%;\"><iframe title=\"Akmen Mensucat\" width=\"1020\" height=\"574\" src=\"https:\/\/www.youtube.com\/embed\/XTcIIq7d2hQ?feature=oembed\" frameborder=\"0\" allow=\"accelerometer; autoplay; clipboard-write; encrypted-media; gyroscope; picture-in-picture\" allowfullscreen><\/iframe><\/div>\n\n\n\t\t<\/div>\n\t\t\t\t\n<style>\n#col-1390765990 > .col-inner {\n  margin: 0px 0px 46px 0px;\n}\n<\/style>\n\t<\/div>\n\n\t\n\n\n<style>\n#row-68350692 > .col > .col-inner {\n  padding: 0px 0px 0px 0px;\n}\n@media (min-width:550px) {\n  #row-68350692 > .col > .col-inner {\n    padding: 35px 0px 0px 0px;\n  }\n}\n<\/style>\n<\/div>\n\n\t\t<\/div>\n\n\t\t\n<style>\n#section_1602358282 {\n  padding-top: 0px;\n  padding-bottom: 0px;\n  min-height: 500px;\n}\n#section_1602358282 .section-bg-overlay {\n  background-color: rgba(0, 0, 0, 0.33);\n}\n#section_1602358282 .section-bg.bg-loaded {\n  background-image: url(https:\/\/www.akmen.com.tr\/wp-content\/uploads\/2021\/01\/fantazi-kumas.jpg);\n}\n#section_1602358282 .ux-shape-divider--top svg {\n  height: 150px;\n  --divider-top-width: 100%;\n}\n#section_1602358282 .ux-shape-divider--bottom svg {\n  height: 150px;\n  --divider-width: 100%;\n}\n@media (min-width:550px) {\n  #section_1602358282 {\n    min-height: 500px;\n  }\n}\n@media (min-width:850px) {\n  #section_1602358282 .section-bg-overlay {\n    background-color: rgba(0, 0, 0, 0.5);\n  }\n}\n<\/style>\n\t<\/section>\n\t\n\t<section class=\"section\" id=\"section_373637584\">\n\t\t<div class=\"bg section-bg fill bg-fill  bg-loaded\" >\n\n\t\t\t\n\t\t\t\n\t\t\t\n\n\t\t<\/div>\n\n\t\t\n\n\t\t<div class=\"section-content relative\">\n\t\t\t\n\n<div class=\"row\"  id=\"row-566805036\">\n\n\n\t<div id=\"col-1985241722\" class=\"col medium-10 small-12 large-12\"  >\n\t\t\t\t<div class=\"col-inner\"  >\n\t\t\t\n\t\t\t\n\n\t<div id=\"text-21439762\" class=\"text\">\n\t\t\n\n<h2>Akmen Mensucat<\/h2>\n\t\t\n<style>\n#text-21439762 {\n  font-size: 1.25rem;\n}\n<\/style>\n\t<\/div>\n\t\n<p>Yolculu\u011fumuz 1971 y\u0131l\u0131nda, \u00c7ar\u015f\u0131kap\u0131\u2019da 100 metrekarelik bir at\u00f6lyede ba\u015flad\u0131. O y\u0131llar T\u00fcrk tekstilinde \u00f6zel m\u00fcte\u015febbisli\u011fin hen\u00fcz emekleme y\u0131llar\u0131yd\u0131. 50\u2019li y\u0131llardan itibaren Eski\u015fehir\u2019de S\u00fcmerbank i\u00e7in haz\u0131r giyim \u00fcreten bir ailenin o\u011flu olan S. Mehmet Kumral bir yandan y\u00fcksek\u00f6\u011frenimini s\u00fcrd\u00fcr\u00fcyor, di\u011fer yandan yeni a\u00e7t\u0131\u011f\u0131 at\u00f6lyesini b\u00fcy\u00fctmek i\u00e7in \u00e7abal\u0131yordu. Az say\u0131da yerli \u00fcretici Avrupa ve Amerika\u2019n\u0131n modas\u0131na bakarak daha \u00e7ok i\u00e7 pazara \u00fcretim yap\u0131yordu. Kalite kavram\u0131 sadece \u00fcr\u00fcn\u00fcn sa\u011flaml\u0131\u011f\u0131yla \u00f6l\u00e7\u00fcl\u00fcyordu. S. Mehmet Kumral\u2019\u0131n aileden gelen deneyimi ve \u00f6zverisiyle firma, gitgide daha fazla tan\u0131nmaya ba\u015flad\u0131.<\/p>\n<p>80\u2019lere gelindi\u011finde T\u00fcrkiye\u2019nin ekonomi politikalar\u0131ndaki liberalle\u015fme tekstil sekt\u00f6r\u00fcm\u00fcz\u00fcn \u00f6n\u00fcnde yeni kap\u0131lar a\u00e7t\u0131. Sekt\u00f6r halen moda \u00fcretmiyordu ama yeti\u015fmi\u015f i\u015fg\u00fcc\u00fc kapasitesiyle her ge\u00e7en g\u00fcn daha \u00e7ok yabanc\u0131 firma \u00fcretimini T\u00fcrkiye\u2019ye kayd\u0131r\u0131yordu. \u00c7ok say\u0131da giri\u015fimci bu b\u00fcy\u00fcyen alana yat\u0131r\u0131m yapt\u0131. Deneyimi, \u00fcr\u00fcn kalitesi ve g\u00fcvenilirli\u011fiyle yerini \u00e7oktan sa\u011flamla\u015ft\u0131rm\u0131\u015f firmam\u0131z da vizyoner yakla\u015f\u0131mla g\u00fcne h\u0131zl\u0131ca uyum sa\u011flad\u0131.<\/p>\n<p>90\u2019larda globalle\u015fmenin etkisi her anlamda hissedildi. S\u00fcrd\u00fcr\u00fclebilirlik, kalite y\u00f6netimi ve ekolojik \u00fcretim kavramlar\u0131 ilk kez bu y\u0131llarda konu\u015fulur oldu. \u00d6nceki on y\u0131l\u0131n h\u0131zl\u0131 b\u00fcy\u00fcmesini do\u011fru de\u011ferlendiren ve trendleri analiz edebilen firmalar hem yeni d\u00fcnyaya ayak uydurmay\u0131 hem de art arda ya\u015fanan ekonomik krizleri atlatmay\u0131 ba\u015fard\u0131. \u00dcstelik art\u0131k T\u00fcrkiye\u2019de moda \u00fcretiliyor, yerli markalar d\u00fcnyaya a\u00e7\u0131l\u0131yordu. 1991 y\u0131l\u0131nda bug\u00fcnk\u00fc ad\u0131n\u0131 alan firmam\u0131z sekt\u00f6rdeki b\u00fcy\u00fck bir a\u00e7\u0131\u011f\u0131 kapatacak yat\u0131r\u0131mla kendinden s\u00f6z ettirmeye ba\u015flad\u0131: fantezi iplik \u00fcretimi. B\u00fcy\u00fck \u00f6zveriyle \u00fclkeye ta\u015f\u0131d\u0131\u011f\u0131m\u0131z fantezi iplik \u00fcretim teknolojisiyle k\u0131sa s\u00fcrede standartlar\u0131 belirleyen firma olduk. 1994\u2019de bir ad\u0131m daha ileri gittik; konfeksiyon ve fantezi iplik \u00fcretiminin yan\u0131 s\u0131ra fantezi \u00f6rme kuma\u015f \u00fcretimine de ba\u015flad\u0131k.<\/p>\n<p>2000\u2019ler ba\u015flad\u0131\u011f\u0131nda fantezi iplik ve fantezi \u00f6rme kuma\u015f denince akla ilk gelen firmalardan biriydik. Teknolojiye, kalite y\u00f6netimine ve insana yapt\u0131\u011f\u0131m\u0131z yat\u0131r\u0131mlarla rekabet g\u00fcc\u00fcm\u00fcz\u00fc artt\u0131rmay\u0131 ba\u015fard\u0131k. \u00dcstelik bilgi birikimimizi sadece daha \u00e7ok sat\u0131\u015f yapmak i\u00e7in kullanmad\u0131k. Sekt\u00f6rdeki di\u011fer akt\u00f6rlere verdi\u011fimiz know-how deste\u011fiyle T\u00fcrkiye\u2019nin fantezi tekstil \u00fcr\u00fcnlerinde etkin oyuncu olmas\u0131n\u0131 sa\u011flad\u0131k ve geni\u015f bir istihdam alan\u0131 a\u00e7t\u0131k. 2000\u2019lerin ortas\u0131nda hayata ge\u00e7en ve Uzakdo\u011fu \u00fclkelerine pek \u00e7ok alanda pazar kapt\u0131rmam\u0131za yol a\u00e7an serbest ticaret anla\u015fmalar\u0131ndan sonra da ayakta durmay\u0131 ba\u015fard\u0131k. \u00c7\u00fcnk\u00fc onlar\u0131n \u00fcretemedi\u011fini \u00fcretebiliyor, beklentilere proaktif davranarak cevap veriyorduk.<\/p>\n<p>Bug\u00fcn 70 \u00e7al\u0131\u015fanl\u0131 bir aile olarak elyaftan ba\u015flay\u0131p fantezi kuma\u015fa dek hizmet veren, 10 bin metrekare kapal\u0131 alanda y\u0131ll\u0131k 2400 ton \u00fcretim kapasitesine sahip inovasyon firmas\u0131y\u0131z. \u0130ster m\u00fc\u015fteri aday\u0131m\u0131z olun, isterse de tekstil teknolojileriyle ilgilenen bir profesyonel; d\u00fcnyay\u0131 daha ekolojik, daha d\u00fc\u015f\u00fck maliyetli ve daha \u015f\u0131k \u00fcr\u00fcnlerle g\u00fczelle\u015ftirme yolculu\u011fumuzda sizi de yan\u0131m\u0131zda g\u00f6rmek istiyoruz. Yeni \u00fcr\u00fcnlerimiz, yeni kreasyonlar\u0131m\u0131z ve teknolojik geli\u015fmelerimiz i\u00e7in bizi takip edin.<\/p>\n\n\t\t<\/div>\n\t\t\t\t\n<style>\n#col-1985241722 > .col-inner {\n  padding: 0px 30px 0px 30px;\n}\n@media (min-width:550px) {\n  #col-1985241722 > .col-inner {\n    padding: 0px 0px 0px 0;\n  }\n}\n@media (min-width:850px) {\n  #col-1985241722 > .col-inner {\n    padding: 0px 0px 0px 0;\n  }\n}\n<\/style>\n\t<\/div>\n\n\t\n\n\t<div id=\"col-1120979767\" class=\"col medium-4 small-12 large-4\"  >\n\t\t\t\t<div class=\"col-inner text-center\"  >\n\t\t\t\n\t<div class=\"is-border\"\n\t\tstyle=\"border-color:rgb(209, 209, 209);border-width:0px 1 0px 0px;\">\n\t<\/div>\n\t\t\t\n\n\t<div id=\"text-2819336503\" class=\"text\">\n\t\t\n\n<h3><span class=\"count-up\">10000<\/span>m\u00b2<\/h3>\n\t\t\n<style>\n#text-2819336503 {\n  font-size: 1.5rem;\n  text-align: center;\n}\n<\/style>\n\t<\/div>\n\t\n<div class=\"text-center\"><div class=\"is-divider divider clearfix\" style=\"margin-top:15px;margin-bottom:15px;max-width:50px;background-color:rgb(39, 54, 71);\"><\/div><\/div>\n\n<h5>\u00dcretim Alan\u0131<\/h5>\n\n\t\t<\/div>\n\t\t\t\t\n<style>\n#col-1120979767 > .col-inner {\n  padding: 30px 30px 30px 30px;\n}\n<\/style>\n\t<\/div>\n\n\t\n\n\t<div id=\"col-2139207193\" class=\"col medium-4 small-12 large-4\"  >\n\t\t\t\t<div class=\"col-inner text-center\"  >\n\t\t\t\n\t<div class=\"is-border\"\n\t\tstyle=\"border-color:rgb(209, 209, 209);border-width:0px 1 0px 0px;\">\n\t<\/div>\n\t\t\t\n\n\t<div id=\"text-2780437002\" class=\"text\">\n\t\t\n\n<h3><span class=\"count-up\">2400<\/span>ton<\/h3>\n\t\t\n<style>\n#text-2780437002 {\n  font-size: 1.5rem;\n  text-align: center;\n}\n<\/style>\n\t<\/div>\n\t\n<div class=\"text-center\"><div class=\"is-divider divider clearfix\" style=\"margin-top:15px;margin-bottom:15px;max-width:50px;background-color:rgb(39, 54, 71);\"><\/div><\/div>\n\n\t<div id=\"text-2591573738\" class=\"text\">\n\t\t\n\n<h5>\u00dcretim Kapasitesi<\/h5>\n\t\t\n<style>\n#text-2591573738 {\n  text-align: center;\n}\n<\/style>\n\t<\/div>\n\t\n\n\t\t<\/div>\n\t\t\t\t\n<style>\n#col-2139207193 > .col-inner {\n  padding: 30px 30px 30px 30px;\n}\n<\/style>\n\t<\/div>\n\n\t\n\n\t<div id=\"col-1577323623\" class=\"col medium-4 small-12 large-4\"  >\n\t\t\t\t<div class=\"col-inner text-center\"  >\n\t\t\t\n\t<div class=\"is-border\"\n\t\tstyle=\"border-color:rgb(209, 209, 209);border-width:0px 1 0px 0px;\">\n\t<\/div>\n\t\t\t\n\n\t<div id=\"text-1688253061\" class=\"text\">\n\t\t\n\n<h3><span class=\"count-up\">70<\/span><\/h3>\n\t\t\n<style>\n#text-1688253061 {\n  font-size: 1.5rem;\n  text-align: center;\n}\n<\/style>\n\t<\/div>\n\t\n<div class=\"text-center\"><div class=\"is-divider divider clearfix\" style=\"margin-top:15px;margin-bottom:15px;max-width:50px;background-color:rgb(39, 54, 71);\"><\/div><\/div>\n\n\t<div id=\"text-1114164153\" class=\"text\">\n\t\t\n\n<h5>\u00c7al\u0131\u015fan<\/h5>\n\t\t\n<style>\n#text-1114164153 {\n  text-align: center;\n}\n<\/style>\n\t<\/div>\n\t\n\n\t\t<\/div>\n\t\t\t\t\n<style>\n#col-1577323623 > .col-inner {\n  padding: 30px 30px 30px 30px;\n}\n<\/style>\n\t<\/div>\n\n\t\n\n<\/div>\n\t<div id=\"gap-356276022\" class=\"gap-element clearfix\" style=\"display:block; height:auto;\">\n\t\t\n<style>\n#gap-356276022 {\n  padding-top: 0px;\n}\n@media (min-width:850px) {\n  #gap-356276022 {\n    padding-top: 45px;\n  }\n}\n<\/style>\n\t<\/div>\n\t\n\n\n\t\t<\/div>\n\n\t\t\n<style>\n#section_373637584 {\n  padding-top: 30px;\n  padding-bottom: 30px;\n}\n#section_373637584 .ux-shape-divider--top svg {\n  height: 150px;\n  --divider-top-width: 100%;\n}\n#section_373637584 .ux-shape-divider--bottom svg {\n  height: 150px;\n  --divider-width: 100%;\n}\n<\/style>\n\t<\/section>\n\t\n\t<section class=\"section\" id=\"section_144812489\">\n\t\t<div class=\"bg section-bg fill bg-fill  \" >\n\n\t\t\t\n\t\t\t\n\t\t\t\n\n\t\t<\/div>\n\n\t\t\n\n\t\t<div class=\"section-content relative\">\n\t\t\t\n\n\t<div id=\"gap-882374754\" class=\"gap-element clearfix\" style=\"display:block; height:auto;\">\n\t\t\n<style>\n#gap-882374754 {\n  padding-top: 30px;\n}\n<\/style>\n\t<\/div>\n\t\n\n<div class=\"row\"  id=\"row-1140428047\">\n\n\n\t<div id=\"col-691537308\" class=\"col medium-8 small-12 large-8\"  >\n\t\t\t\t<div class=\"col-inner\" style=\"background-color:rgb(255, 255, 255);\" >\n\t\t\t\n\t\t\t\n\n\t<div id=\"text-31206209\" class=\"text\">\n\t\t\n\n<h2>Misyonumuz <\/h2>\n\t\t\n<style>\n#text-31206209 {\n  font-size: 1.25rem;\n}\n<\/style>\n\t<\/div>\n\t\n<p>Tekstil sekt\u00f6r\u00fcn\u00fcn \u00fcretim safhas\u0131nda faaliyet g\u00f6steren firmam\u0131z\u0131n temel misyonlar\u0131 \u015f\u00f6yledir;<\/p>\n<ul>\n<li>M\u00fc\u015fterilerin marka g\u00fcvenini \u00fcst seviyede tutmak,<\/li>\n<li>\u00dcr\u00fcn kalite standard\u0131n\u0131 korumak ve kalitede yeni seviyeler belirlemek,<\/li>\n<li>\u00dcretimin her a\u015famas\u0131nda kalite standard\u0131na ve \u00e7al\u0131\u015fma prensiplerine sad\u0131k kalmak,<\/li>\n<li>Tekstil sekt\u00f6r\u00fcn\u00fcn geli\u015fimine katk\u0131 sa\u011flamak,<\/li>\n<li>Sekt\u00f6rdeki istihdam art\u0131\u015f\u0131n\u0131 desteklemek,<\/li>\n<li>S\u00fcrekli geli\u015fime odaklanmak ve sekt\u00f6r yeniliklerine entegre olmakt\u0131r.<\/li>\n<\/ul>\n<p>Akmen Mensucat, vizyon ve misyon ilkeleriyle sadece marka b\u00fcy\u00fcmesine de\u011fil tekstil sanayisinin b\u00fcy\u00fcmesine de katk\u0131 sa\u011flamay\u0131 ama\u00e7l\u0131yor. <\/p>\n\n\t\t<\/div>\n\t\t\t\t\n<style>\n#col-691537308 > .col-inner {\n  padding: 40px 40px 40px 40px;\n  margin: -123px 0px 0px 0px;\n}\n@media (min-width:550px) {\n  #col-691537308 > .col-inner {\n    padding: 50px 50px 50px 50px;\n    margin: -160px 0px 0px 0px;\n  }\n}\n<\/style>\n\t<\/div>\n\n\t\n\n<\/div>\n\n\t\t<\/div>\n\n\t\t\n<style>\n#section_144812489 {\n  padding-top: 50px;\n  padding-bottom: 50px;\n  background-color: rgb(233, 233, 233);\n}\n#section_144812489 .section-bg.bg-loaded {\n  background-image: url(https:\/\/www.akmen.com.tr\/wp-content\/uploads\/2020\/10\/5785.jpg);\n}\n#section_144812489 .ux-shape-divider--top svg {\n  height: 150px;\n  --divider-top-width: 100%;\n}\n#section_144812489 .ux-shape-divider--bottom svg {\n  height: 150px;\n  --divider-width: 100%;\n}\n@media (min-width:550px) {\n  #section_144812489 {\n    padding-top: 80px;\n    padding-bottom: 80px;\n  }\n}\n<\/style>\n\t<\/section>\n\t\n\t<section class=\"section dark\" id=\"section_724252945\">\n\t\t<div class=\"bg section-bg fill bg-fill  bg-loaded\" >\n\n\t\t\t\n\t\t\t\n\t\t\t\n\n\t\t<\/div>\n\n\t\t\n\n\t\t<div class=\"section-content relative\">\n\t\t\t\n\n\t<div id=\"gap-1579473142\" class=\"gap-element clearfix\" style=\"display:block; height:auto;\">\n\t\t\n<style>\n#gap-1579473142 {\n  padding-top: 30px;\n}\n<\/style>\n\t<\/div>\n\t\n\n<div class=\"row row-large\" style=\"max-width:1000px\" id=\"row-661484759\">\n\n\n\t<div id=\"col-1809708866\" class=\"col medium-4 small-12 large-4\"  >\n\t\t\t\t<div class=\"col-inner text-center\"  >\n\t\t\t\n\t\t\t\n\n\n\t\t<div class=\"icon-box featured-box icon-box-top text-left\"  >\n\t\t\t\t<div class=\"icon-box-text last-reset\">\n\t\t\t\t\t\t\t\t\t\n\n\t<div id=\"text-2762042876\" class=\"text\">\n\t\t\n\n<h3>\u00dcretim<\/h3>\n\t\t\n<style>\n#text-2762042876 {\n  text-align: center;\n}\n<\/style>\n\t<\/div>\n\t\n\n\t\t<\/div>\n\t<\/div>\n\t\n\t\n<div class=\"is-divider divider clearfix\" style=\"margin-top:15px;margin-bottom:15px;max-width:50px;background-color:rgb(255, 255, 255);\"><\/div>\n\n<p>Y\u0131lda 2400 ton \u00fcretim kapasitesiyle her t\u00fcrl\u00fc fantezi iplik veya kuma\u015flar\u0131n \u00fcretimini yapmaktad\u0131r.<\/p>\n\n\t\t<\/div>\n\t\t\t\t\t<\/div>\n\n\t\n\n\t<div id=\"col-1276528553\" class=\"col medium-4 small-12 large-4\"  >\n\t\t\t\t<div class=\"col-inner text-center\"  >\n\t\t\t\n\t\t\t\n\n\n\t\t<div class=\"icon-box featured-box icon-box-top text-left\"  >\n\t\t\t\t<div class=\"icon-box-text last-reset\">\n\t\t\t\t\t\t\t\t\t\n\n\t<div id=\"text-3456546332\" class=\"text\">\n\t\t\n\n<h3>Kalite<\/h3>\n\t\t\n<style>\n#text-3456546332 {\n  text-align: center;\n}\n<\/style>\n\t<\/div>\n\t\n\n\t\t<\/div>\n\t<\/div>\n\t\n\t\n<div class=\"is-divider divider clearfix\" style=\"margin-top:15px;margin-bottom:15px;max-width:50px;background-color:rgb(255, 255, 255);\"><\/div>\n\n<p>\u00dcretimin her a\u015famas\u0131nda kalite standard\u0131n\u0131 korumak ve kalitede yeni seviyeler belirlemektedir. <\/p>\n\n\t\t<\/div>\n\t\t\t\t\t<\/div>\n\n\t\n\n\t<div id=\"col-2125112513\" class=\"col medium-4 small-12 large-4\"  >\n\t\t\t\t<div class=\"col-inner text-center\"  >\n\t\t\t\n\t\t\t\n\n\n\t\t<div class=\"icon-box featured-box icon-box-top text-left\"  >\n\t\t\t\t<div class=\"icon-box-text last-reset\">\n\t\t\t\t\t\t\t\t\t\n\n\t<div id=\"text-1896539450\" class=\"text\">\n\t\t\n\n<h3>Performans<\/h3>\n\t\t\n<style>\n#text-1896539450 {\n  text-align: center;\n}\n<\/style>\n\t<\/div>\n\t\n\n\t\t<\/div>\n\t<\/div>\n\t\n\t\n<div class=\"is-divider divider clearfix\" style=\"margin-top:15px;margin-bottom:15px;max-width:50px;background-color:rgb(255, 255, 255);\"><\/div>\n\n<p>Sekt\u00f6rde \u00fcst\u00fcn ve g\u00fc\u00e7l\u00fc makine parkuruyla h\u0131zl\u0131 ve g\u00fcvenli hizmet sunmaktad\u0131r.<\/p>\n\n\t\t<\/div>\n\t\t\t\t\t<\/div>\n\n\t\n\n<\/div>\n\n\t\t<\/div>\n\n\t\t\n<style>\n#section_724252945 {\n  padding-top: 50px;\n  padding-bottom: 50px;\n  background-color: rgb(32, 32, 32);\n}\n#section_724252945 .ux-shape-divider--top svg {\n  height: 150px;\n  --divider-top-width: 100%;\n}\n#section_724252945 .ux-shape-divider--bottom svg {\n  height: 150px;\n  --divider-width: 100%;\n}\n<\/style>\n\t<\/section>\n\t\n\n","protected":false},"excerpt":{"rendered":"","protected":false},"author":1,"featured_media":0,"parent":0,"menu_order":0,"comment_status":"closed","ping_status":"closed","template":"page-blank.php","meta":{"footnotes":""},"class_list":["post-5130","page","type-page","status-publish","hentry"],"_links":{"self":[{"href":"https:\/\/www.akmen.com.tr\/tr\/wp-json\/wp\/v2\/pages\/5130","targetHints":{"allow":["GET"]}}],"collection":[{"href":"https:\/\/www.akmen.com.tr\/tr\/wp-json\/wp\/v2\/pages"}],"about":[{"href":"https:\/\/www.akmen.com.tr\/tr\/wp-json\/wp\/v2\/types\/page"}],"author":[{"embeddable":true,"href":"https:\/\/www.akmen.com.tr\/tr\/wp-json\/wp\/v2\/users\/1"}],"replies":[{"embeddable":true,"href":"https:\/\/www.akmen.com.tr\/tr\/wp-json\/wp\/v2\/comments?post=5130"}],"version-history":[{"count":0,"href":"https:\/\/www.akmen.com.tr\/tr\/wp-json\/wp\/v2\/pages\/5130\/revisions"}],"wp:attachment":[{"href":"https:\/\/www.akmen.com.tr\/tr\/wp-json\/wp\/v2\/media?parent=5130"}],"curies":[{"name":"wp","href":"https:\/\/api.w.org\/{rel}","templated":true}]}}