{"id":5645,"date":"2020-10-31T13:22:24","date_gmt":"2020-10-31T13:22:24","guid":{"rendered":"https:\/\/www.akmen.com.tr\/?page_id=5645"},"modified":"2022-11-25T22:00:07","modified_gmt":"2022-11-25T22:00:07","slug":"surdurulebilirlik","status":"publish","type":"page","link":"https:\/\/www.akmen.com.tr\/tr\/surdurulebilirlik\/","title":{"rendered":"S\u00fcrd\u00fcr\u00fclebilirlik"},"content":{"rendered":"\t<section class=\"section has-parallax\" id=\"section_1457024631\">\n\t\t<div class=\"bg section-bg fill bg-fill  \" data-parallax-container=\".section\" data-parallax-background data-parallax=\"-5\">\n\n\t\t\t\n\t\t\t\n\t\t\t\n\n\t\t<\/div>\n\n\t\t\n\n\t\t<div class=\"section-content relative\">\n\t\t\t\n<div class=\"row\"  id=\"row-303014175\">\n\n\t<div id=\"col-256659582\" class=\"col small-12 large-12\"  >\n\t\t\t\t<div class=\"col-inner\" style=\"background-color:rgba(255, 255, 255, 0.785);\" >\n\t\t\t\n\t\t\t\n<div class=\"container section-title-container\" ><h3 class=\"section-title section-title-bold-center\"><b><\/b><span class=\"section-title-main\" >\u00c7evre Politikam\u0131z<\/span><b><\/b><\/h3><\/div>\n<p><img decoding=\"async\" class=\"alignleft wp-image-7112\" src=\"https:\/\/www.akmen.com.tr\/wp-content\/uploads\/2021\/03\/eco.png\" alt=\"\" width=\"286\" height=\"279\" srcset=\"https:\/\/www.akmen.com.tr\/wp-content\/uploads\/2021\/03\/eco.png 400w, https:\/\/www.akmen.com.tr\/wp-content\/uploads\/2021\/03\/eco-295x288.png 295w\" sizes=\"(max-width: 286px) 100vw, 286px\" \/>Kuruldu\u011fumuz 1971 y\u0131l\u0131ndan beri i\u00e7inde var oldu\u011fumuz ekosistemin kaynaklar\u0131n\u0131 katma de\u011ferli \u00fcr\u00fcnler haline getiriyor ve ayn\u0131 ekosisteme aktar\u0131yoruz. Sahip oldu\u011fumuz STANDART 100 by OEKO-TEX 100 , Recycled Claim Standard (RCS) , Organic Content Standard (OCS) sertifikalar\u0131 ve  Better Cotton Initiative (BCI) \u00fcyeli\u011fimizle \u00e7evreye 0 m\u00fcdahele ile \u00e7al\u0131\u015f\u0131yoruz..<\/p>\n<p>\u0130\u015fletmemizin t\u00fcm kaynaklar\u0131n\u0131 m\u00fc\u015fterimiz olsun ya da olmas\u0131n faaliyetlerimizden etkilenen her insan\u0131n mutlulu\u011fu ve t\u00fcm do\u011fan\u0131n iyili\u011fi i\u00e7in i\u015fliyoruz.<\/p>\n<p>Karbon ayak izimizi azaltmak i\u00e7in enerji ve hammadde girdilerimizi azaltacak \u00f6nc\u00fc teknolojiler kullan\u0131yor, t\u00fcm \u00fcretim s\u00fcre\u00e7lerini bilimsel verilerin \u0131\u015f\u0131\u011f\u0131nda s\u00fcrekli geli\u015ftiriyoruz.<\/p>\n<p>Gelecek nesillere ya\u015fanabilir bir d\u00fcnya b\u0131rakmak i\u00e7in t\u00fcm faaliyetlerimizde \u00e7a\u011fda\u015f s\u00fcrd\u00fcr\u00fclebilir kalk\u0131nma ilkelerini benimsiyoruz.<\/p>\n<p>Ula\u015ft\u0131\u011f\u0131m\u0131z ileri bilgi ve teknoloji birikimini sekt\u00f6rdeki akt\u00f6rlerle payla\u015farak tekstil ekosisteminde var olan t\u00fcm i\u015fletmelerin verimlili\u011fine destek oluyoruz.<\/p>\n<p>\u00c7al\u0131\u015fanlar\u0131m\u0131z\u0131, verimlili\u011fi artt\u0131racak yenilik\u00e7i y\u00f6ntemler konusunda e\u011fitiyor, kaynak kullan\u0131m\u0131 ve \u00e7evre y\u00f6netimi konusunda en duyarl\u0131 tedarik\u00e7ilerle \u00e7al\u0131\u015fma ilkesini benimsiyoruz.<\/p>\n<div class=\"row\"  id=\"row-1867759144\">\n\n\t<div id=\"col-633083564\" class=\"col medium-3 small-12 large-3\"  >\n\t\t\t\t<div class=\"col-inner\"  >\n\t\t\t\n\t\t\t\n\t<div class=\"img has-hover x md-x lg-x y md-y lg-y\" id=\"image_386233772\">\n\t\t<a class=\"\" href=\"https:\/\/www.akmen.com.tr\/wp-content\/uploads\/2022\/11\/Akmen-Oeko-Tex-CertiFiCate.pdf\" target=\"_blank\" rel=\"noopener noreferrer\" >\t\t\t\t\t\t<div class=\"img-inner dark\" >\n\t\t\t<img decoding=\"async\" width=\"562\" height=\"800\" src=\"https:\/\/www.akmen.com.tr\/wp-content\/uploads\/2022\/11\/Akmen-Oeko-Tex-Certificate-562x800.webp\" class=\"attachment-large size-large\" alt=\"\" srcset=\"https:\/\/www.akmen.com.tr\/wp-content\/uploads\/2022\/11\/Akmen-Oeko-Tex-Certificate-562x800.webp 562w, https:\/\/www.akmen.com.tr\/wp-content\/uploads\/2022\/11\/Akmen-Oeko-Tex-Certificate-281x400.webp 281w, https:\/\/www.akmen.com.tr\/wp-content\/uploads\/2022\/11\/Akmen-Oeko-Tex-Certificate-768x1093.webp 768w, https:\/\/www.akmen.com.tr\/wp-content\/uploads\/2022\/11\/Akmen-Oeko-Tex-Certificate-1079x1536.webp 1079w, https:\/\/www.akmen.com.tr\/wp-content\/uploads\/2022\/11\/Akmen-Oeko-Tex-Certificate-295x420.webp 295w, https:\/\/www.akmen.com.tr\/wp-content\/uploads\/2022\/11\/Akmen-Oeko-Tex-Certificate.webp 1349w\" sizes=\"(max-width: 562px) 100vw, 562px\" \/>\t\t\t\t\t\t\n\t\t\t\t\t<\/div>\n\t\t\t\t\t\t<\/a>\t\t\n<style>\n#image_386233772 {\n  width: 100%;\n}\n<\/style>\n\t<\/div>\n\t\n\t\t<\/div>\n\t\t\t\t\t<\/div>\n\n\t\n\n\t<div id=\"col-893098182\" class=\"col medium-3 small-12 large-3\"  >\n\t\t\t\t<div class=\"col-inner\"  >\n\t\t\t\n\t\t\t\n\t<div class=\"img has-hover x md-x lg-x y md-y lg-y\" id=\"image_831573609\">\n\t\t<a class=\"\" href=\"https:\/\/www.akmen.com.tr\/wp-content\/uploads\/2022\/11\/Akmen-Mensucat_301260_RCS_Certificate.pdf\" target=\"_blank\" rel=\"noopener noreferrer\" >\t\t\t\t\t\t<div class=\"img-inner dark\" >\n\t\t\t<img decoding=\"async\" width=\"563\" height=\"800\" src=\"https:\/\/www.akmen.com.tr\/wp-content\/uploads\/2022\/11\/Akmen-Mensucat_301260_RCS_Certificate-563x800.webp\" class=\"attachment-large size-large\" alt=\"\" srcset=\"https:\/\/www.akmen.com.tr\/wp-content\/uploads\/2022\/11\/Akmen-Mensucat_301260_RCS_Certificate-563x800.webp 563w, https:\/\/www.akmen.com.tr\/wp-content\/uploads\/2022\/11\/Akmen-Mensucat_301260_RCS_Certificate-281x400.webp 281w, https:\/\/www.akmen.com.tr\/wp-content\/uploads\/2022\/11\/Akmen-Mensucat_301260_RCS_Certificate-768x1091.webp 768w, https:\/\/www.akmen.com.tr\/wp-content\/uploads\/2022\/11\/Akmen-Mensucat_301260_RCS_Certificate-1081x1536.webp 1081w, https:\/\/www.akmen.com.tr\/wp-content\/uploads\/2022\/11\/Akmen-Mensucat_301260_RCS_Certificate-295x419.webp 295w, https:\/\/www.akmen.com.tr\/wp-content\/uploads\/2022\/11\/Akmen-Mensucat_301260_RCS_Certificate.webp 1351w\" sizes=\"(max-width: 563px) 100vw, 563px\" \/>\t\t\t\t\t\t\n\t\t\t\t\t<\/div>\n\t\t\t\t\t\t<\/a>\t\t\n<style>\n#image_831573609 {\n  width: 100%;\n}\n<\/style>\n\t<\/div>\n\t\n\t\t<\/div>\n\t\t\t\t\t<\/div>\n\n\t\n\n\t<div id=\"col-1757971118\" class=\"col medium-3 small-12 large-3\"  >\n\t\t\t\t<div class=\"col-inner\"  >\n\t\t\t\n\t\t\t\n\t<div class=\"img has-hover x md-x lg-x y md-y lg-y\" id=\"image_530079199\">\n\t\t<a class=\"\" href=\"https:\/\/www.akmen.com.tr\/wp-content\/uploads\/2022\/11\/Akmen-Mensucat_301260_OCS_Certificate.pdf\" target=\"_blank\" rel=\"noopener noreferrer\" >\t\t\t\t\t\t<div class=\"img-inner dark\" >\n\t\t\t<img decoding=\"async\" width=\"562\" height=\"800\" src=\"https:\/\/www.akmen.com.tr\/wp-content\/uploads\/2022\/11\/Akmen-Mensucat_301260_OCS_Certificate-562x800.webp\" class=\"attachment-large size-large\" alt=\"\" srcset=\"https:\/\/www.akmen.com.tr\/wp-content\/uploads\/2022\/11\/Akmen-Mensucat_301260_OCS_Certificate-562x800.webp 562w, https:\/\/www.akmen.com.tr\/wp-content\/uploads\/2022\/11\/Akmen-Mensucat_301260_OCS_Certificate-281x400.webp 281w, https:\/\/www.akmen.com.tr\/wp-content\/uploads\/2022\/11\/Akmen-Mensucat_301260_OCS_Certificate-768x1093.webp 768w, https:\/\/www.akmen.com.tr\/wp-content\/uploads\/2022\/11\/Akmen-Mensucat_301260_OCS_Certificate-1079x1536.webp 1079w, https:\/\/www.akmen.com.tr\/wp-content\/uploads\/2022\/11\/Akmen-Mensucat_301260_OCS_Certificate-295x420.webp 295w, https:\/\/www.akmen.com.tr\/wp-content\/uploads\/2022\/11\/Akmen-Mensucat_301260_OCS_Certificate.webp 1349w\" sizes=\"(max-width: 562px) 100vw, 562px\" \/>\t\t\t\t\t\t\n\t\t\t\t\t<\/div>\n\t\t\t\t\t\t<\/a>\t\t\n<style>\n#image_530079199 {\n  width: 100%;\n}\n<\/style>\n\t<\/div>\n\t\n\t\t<\/div>\n\t\t\t\t\t<\/div>\n\n\t\n\n\t<div id=\"col-1775734870\" class=\"col medium-3 small-12 large-3\"  >\n\t\t\t\t<div class=\"col-inner\"  >\n\t\t\t\n\t\t\t\n\t<div class=\"img has-hover x md-x lg-x y md-y lg-y\" id=\"image_494984661\">\n\t\t<a class=\"\" href=\"https:\/\/www.akmen.com.tr\/wp-content\/uploads\/2022\/11\/Akmen-Better-Cotton-Akmen-Id-No.-1001538._.pdf\" target=\"_blank\" rel=\"noopener noreferrer\" >\t\t\t\t\t\t<div class=\"img-inner dark\" >\n\t\t\t<img decoding=\"async\" width=\"1020\" height=\"499\" src=\"https:\/\/www.akmen.com.tr\/wp-content\/uploads\/2022\/11\/Akmen-Better-Cotton-Akmen-Id-No.-1001538._-1400x685.webp\" class=\"attachment-large size-large\" alt=\"\" srcset=\"https:\/\/www.akmen.com.tr\/wp-content\/uploads\/2022\/11\/Akmen-Better-Cotton-Akmen-Id-No.-1001538._-1400x685.webp 1400w, https:\/\/www.akmen.com.tr\/wp-content\/uploads\/2022\/11\/Akmen-Better-Cotton-Akmen-Id-No.-1001538._-800x391.webp 800w, https:\/\/www.akmen.com.tr\/wp-content\/uploads\/2022\/11\/Akmen-Better-Cotton-Akmen-Id-No.-1001538._-768x376.webp 768w, https:\/\/www.akmen.com.tr\/wp-content\/uploads\/2022\/11\/Akmen-Better-Cotton-Akmen-Id-No.-1001538._-1536x751.webp 1536w, https:\/\/www.akmen.com.tr\/wp-content\/uploads\/2022\/11\/Akmen-Better-Cotton-Akmen-Id-No.-1001538._-295x144.webp 295w, https:\/\/www.akmen.com.tr\/wp-content\/uploads\/2022\/11\/Akmen-Better-Cotton-Akmen-Id-No.-1001538._.webp 1636w\" sizes=\"(max-width: 1020px) 100vw, 1020px\" \/>\t\t\t\t\t\t\n\t\t\t\t\t<\/div>\n\t\t\t\t\t\t<\/a>\t\t\n<style>\n#image_494984661 {\n  width: 100%;\n}\n<\/style>\n\t<\/div>\n\t\n\t\t<\/div>\n\t\t\t\t\t<\/div>\n\n\t\n<\/div>\n\t\t<\/div>\n\t\t\t\t\n<style>\n#col-256659582 > .col-inner {\n  padding: 30px 30px 30px 30px;\n}\n<\/style>\n\t<\/div>\n\n\t\n<\/div>\n\t\t<\/div>\n\n\t\t\n<style>\n#section_1457024631 {\n  padding-top: 77px;\n  padding-bottom: 77px;\n}\n#section_1457024631 .section-bg.bg-loaded {\n  background-image: url(https:\/\/www.akmen.com.tr\/wp-content\/uploads\/2021\/03\/el-iplik.jpg);\n}\n#section_1457024631 .ux-shape-divider--top svg {\n  height: 150px;\n  --divider-top-width: 100%;\n}\n#section_1457024631 .ux-shape-divider--bottom svg {\n  height: 150px;\n  --divider-width: 100%;\n}\n<\/style>\n\t<\/section>\n\t\n","protected":false},"excerpt":{"rendered":"","protected":false},"author":1,"featured_media":7112,"parent":0,"menu_order":0,"comment_status":"closed","ping_status":"closed","template":"page-blank.php","meta":{"footnotes":""},"class_list":["post-5645","page","type-page","status-publish","has-post-thumbnail","hentry"],"_links":{"self":[{"href":"https:\/\/www.akmen.com.tr\/tr\/wp-json\/wp\/v2\/pages\/5645","targetHints":{"allow":["GET"]}}],"collection":[{"href":"https:\/\/www.akmen.com.tr\/tr\/wp-json\/wp\/v2\/pages"}],"about":[{"href":"https:\/\/www.akmen.com.tr\/tr\/wp-json\/wp\/v2\/types\/page"}],"author":[{"embeddable":true,"href":"https:\/\/www.akmen.com.tr\/tr\/wp-json\/wp\/v2\/users\/1"}],"replies":[{"embeddable":true,"href":"https:\/\/www.akmen.com.tr\/tr\/wp-json\/wp\/v2\/comments?post=5645"}],"version-history":[{"count":0,"href":"https:\/\/www.akmen.com.tr\/tr\/wp-json\/wp\/v2\/pages\/5645\/revisions"}],"wp:featuredmedia":[{"embeddable":true,"href":"https:\/\/www.akmen.com.tr\/tr\/wp-json\/wp\/v2\/media\/7112"}],"wp:attachment":[{"href":"https:\/\/www.akmen.com.tr\/tr\/wp-json\/wp\/v2\/media?parent=5645"}],"curies":[{"name":"wp","href":"https:\/\/api.w.org\/{rel}","templated":true}]}}