{"id":5649,"date":"2020-10-31T13:23:22","date_gmt":"2020-10-31T13:23:22","guid":{"rendered":"https:\/\/www.akmen.com.tr\/?page_id=5649"},"modified":"2021-03-07T23:31:14","modified_gmt":"2021-03-07T23:31:14","slug":"kariyer","status":"publish","type":"page","link":"https:\/\/www.akmen.com.tr\/tr\/kariyer\/","title":{"rendered":"Kariyer"},"content":{"rendered":"\n\t<section class=\"section\" id=\"section_1775109764\">\n\t\t<div class=\"bg section-bg fill bg-fill  \" >\n\n\t\t\t\n\t\t\t\n\t\t\t\n\n\t\t<\/div>\n\n\t\t\n\n\t\t<div class=\"section-content relative\">\n\t\t\t\n\n<div class=\"row\"  id=\"row-1502798234\">\n\n\n\t<div id=\"col-686457475\" class=\"col small-12 large-12\"  >\n\t\t\t\t<div class=\"col-inner\"  >\n\t\t\t\n\t\t\t\n\n<div class=\"container section-title-container\" ><h3 class=\"section-title section-title-bold-center\"><b><\/b><span class=\"section-title-main\" style=\"font-size:108%;\">KAR\u0130YER<\/span><b><\/b><\/h3><\/div>\n\n\n\t\t<\/div>\n\t\t\t\t\t<\/div>\n\n\t\n\n\t<div id=\"col-1282837042\" class=\"col medium-6 small-12 large-6\"  >\n\t\t\t\t<div class=\"col-inner\"  >\n\t\t\t\n\t\t\t\n\n<p>\u0130nsan kaynaklar\u0131 politikam\u0131z\u0131n amac\u0131, fantezi iplik ve kuma\u015f sekt\u00f6r\u00fcnde inovasyon ve i\u015f ahlak\u0131yla \u00f6nc\u00fc olan <strong>AKMEN<\/strong>\u2019in modaya y\u00f6n veren markalar\u0131n bir numaral\u0131 tercihi olma misyonuna t\u00fcm \u00e7al\u0131\u015fanlar\u0131n ba\u011fl\u0131l\u0131\u011f\u0131n\u0131 sa\u011flamak, bu misyonu ileri ta\u015f\u0131yacak i\u015fg\u00fcc\u00fcn\u00fc ekibimizin par\u00e7as\u0131 yapmakt\u0131r.<\/p>\n<p>\u0130novasyon, yarat\u0131c\u0131l\u0131k, sorumluluk, tak\u0131m \u00e7al\u0131\u015fmas\u0131 ve operasyonel m\u00fckemmellik <strong>AKMEN<\/strong>\u2019in ana de\u011ferleridir. Bu de\u011ferler kuruldu\u011fumuz 1971 y\u0131l\u0131ndan bu yana benimsedi\u011fimiz etik kurallar \u00fczerinde y\u00fckselir:<\/p>\n<ul>\n<li>Yasalara Ba\u011fl\u0131l\u0131k<\/li>\n<li>M\u00fc\u015fteri, \u00c7al\u0131\u015fan Ve Tedarik\u00e7i Memnuniyeti<\/li>\n<li>G\u00fcvenilir \u0130\u015f Ortakl\u0131\u011f\u0131<\/li>\n<li>S\u00fcrd\u00fcr\u00fclebilirlik Ve \u00c7evre Bilinci<\/li>\n<\/ul>\n<p>&#8211; Bireysel niteliklerinizi ekip \u00e7al\u0131\u015fmas\u0131 i\u00e7erisinde ileri ta\u015f\u0131mak istiyorsan\u0131z,<br \/>&#8211; Tekstil sekt\u00f6r\u00fcn\u00fcn daha iyi bir d\u00fcnya i\u00e7in \u00f6nemine inan\u0131yorsan\u0131z,<br \/>&#8211; Her g\u00fcn bir \u00f6nceki g\u00fcnden daha iyi olma motivasyonunuz varsa,<br \/>&#8211; \u0130\u015f ahlak\u0131 ve inovasyonla sekt\u00f6rde \u00f6nc\u00fc olan dinamik ekibin par\u00e7as\u0131 olmak istiyorsan\u0131z,<\/p>\n<p><em>Sizi de aram\u0131zda g\u00f6rmek istiyoruz!<\/em><\/p>\n\n\t\t<\/div>\n\t\t\t\t\t<\/div>\n\n\t\n\n\t<div id=\"col-1953628375\" class=\"col medium-6 small-12 large-6\"  >\n\t\t\t\t<div class=\"col-inner\" style=\"background-color:rgba(255, 255, 255, 0.488);\" >\n\t\t\t\n\t\t\t\n\n<h3>BA\u015eVURU FORMU<\/h3>\n<div class=\"is-divider divider clearfix\" style=\"max-width:132px;background-color:rgb(255, 0, 0);\"><\/div>\n\n\n<div class=\"wpcf7 no-js\" id=\"wpcf7-f7110-o1\" lang=\"tr-TR\" dir=\"ltr\" data-wpcf7-id=\"7110\">\n<div class=\"screen-reader-response\"><p role=\"status\" aria-live=\"polite\" aria-atomic=\"true\"><\/p> <ul><\/ul><\/div>\n<form action=\"\/tr\/wp-json\/wp\/v2\/pages\/5649#wpcf7-f7110-o1\" method=\"post\" class=\"wpcf7-form init\" aria-label=\"\u0130leti\u015fim Formu\" enctype=\"multipart\/form-data\" novalidate=\"novalidate\" data-status=\"init\">\n<fieldset class=\"hidden-fields-container\"><input type=\"hidden\" name=\"_wpcf7\" value=\"7110\" \/><input type=\"hidden\" name=\"_wpcf7_version\" value=\"6.1.5\" \/><input type=\"hidden\" name=\"_wpcf7_locale\" value=\"tr_TR\" \/><input type=\"hidden\" name=\"_wpcf7_unit_tag\" value=\"wpcf7-f7110-o1\" \/><input type=\"hidden\" name=\"_wpcf7_container_post\" value=\"0\" \/><input type=\"hidden\" name=\"_wpcf7_posted_data_hash\" value=\"\" \/><input type=\"hidden\" name=\"_wpcf7_recaptcha_response\" value=\"\" \/>\n<\/fieldset>\n<p><label>Ad Soyad (Zorunlu)<\/label><br \/>\n<span class=\"wpcf7-form-control-wrap\" data-name=\"your-name\"><input size=\"40\" maxlength=\"400\" class=\"wpcf7-form-control wpcf7-text wpcf7-validates-as-required\" aria-required=\"true\" aria-invalid=\"false\" value=\"\" type=\"text\" name=\"your-name\" \/><\/span>\n<\/p>\n<p><label>Eposta (Zorunlu)<\/label><br \/>\n<span class=\"wpcf7-form-control-wrap\" data-name=\"your-email\"><input size=\"40\" maxlength=\"400\" class=\"wpcf7-form-control wpcf7-email wpcf7-validates-as-required wpcf7-text wpcf7-validates-as-email\" aria-required=\"true\" aria-invalid=\"false\" value=\"\" type=\"email\" name=\"your-email\" \/><\/span>\n<\/p>\n<p><label>Konu (Zorunlu)<\/label><br \/>\n<span class=\"wpcf7-form-control-wrap\" data-name=\"your-message\"><textarea cols=\"40\" rows=\"10\" maxlength=\"2000\" class=\"wpcf7-form-control wpcf7-textarea wpcf7-validates-as-required\" aria-required=\"true\" aria-invalid=\"false\" name=\"your-message\"><\/textarea><\/span>\n<\/p>\n<p><label>CV Ekle<span class=\"wpcf7-form-control-wrap\" data-name=\"file-38\"><input size=\"40\" class=\"wpcf7-form-control wpcf7-file wpcf7-validates-as-required\" accept=\"audio\/*,video\/*,image\/*\" aria-required=\"true\" aria-invalid=\"false\" type=\"file\" name=\"file-38\" \/><\/span><\/label>\n<\/p>\n<p><input class=\"wpcf7-form-control wpcf7-submit has-spinner button\" type=\"submit\" value=\"G\u00f6nder\" \/>\n<\/p><div class=\"wpcf7-response-output\" aria-hidden=\"true\"><\/div>\n<\/form>\n<\/div>\n\n\n\n\t\t<\/div>\n\t\t\t\t\n<style>\n#col-1953628375 > .col-inner {\n  padding: 30px 30px 30px 30px;\n}\n<\/style>\n\t<\/div>\n\n\t\n\n<\/div>\n\n\t\t<\/div>\n\n\t\t\n<style>\n#section_1775109764 {\n  padding-top: 30px;\n  padding-bottom: 30px;\n}\n#section_1775109764 .section-bg.bg-loaded {\n  background-image: url(https:\/\/www.akmen.com.tr\/wp-content\/uploads\/2021\/03\/alt-zemin-iplik-scaled.jpg);\n}\n#section_1775109764 .ux-shape-divider--top svg {\n  height: 150px;\n  --divider-top-width: 100%;\n}\n#section_1775109764 .ux-shape-divider--bottom svg {\n  height: 150px;\n  --divider-width: 100%;\n}\n<\/style>\n\t<\/section>\n\t\n\n","protected":false},"excerpt":{"rendered":"","protected":false},"author":1,"featured_media":0,"parent":0,"menu_order":0,"comment_status":"closed","ping_status":"closed","template":"page-blank.php","meta":{"footnotes":""},"class_list":["post-5649","page","type-page","status-publish","hentry"],"_links":{"self":[{"href":"https:\/\/www.akmen.com.tr\/tr\/wp-json\/wp\/v2\/pages\/5649","targetHints":{"allow":["GET"]}}],"collection":[{"href":"https:\/\/www.akmen.com.tr\/tr\/wp-json\/wp\/v2\/pages"}],"about":[{"href":"https:\/\/www.akmen.com.tr\/tr\/wp-json\/wp\/v2\/types\/page"}],"author":[{"embeddable":true,"href":"https:\/\/www.akmen.com.tr\/tr\/wp-json\/wp\/v2\/users\/1"}],"replies":[{"embeddable":true,"href":"https:\/\/www.akmen.com.tr\/tr\/wp-json\/wp\/v2\/comments?post=5649"}],"version-history":[{"count":0,"href":"https:\/\/www.akmen.com.tr\/tr\/wp-json\/wp\/v2\/pages\/5649\/revisions"}],"wp:attachment":[{"href":"https:\/\/www.akmen.com.tr\/tr\/wp-json\/wp\/v2\/media?parent=5649"}],"curies":[{"name":"wp","href":"https:\/\/api.w.org\/{rel}","templated":true}]}}