{"id":5659,"date":"2020-10-31T13:26:59","date_gmt":"2020-10-31T13:26:59","guid":{"rendered":"https:\/\/www.akmen.com.tr\/?page_id=5659"},"modified":"2021-03-08T00:22:48","modified_gmt":"2021-03-08T00:22:48","slug":"kalite-politikamiz","status":"publish","type":"page","link":"https:\/\/www.akmen.com.tr\/tr\/kalite-politikamiz\/","title":{"rendered":"Kalite Politikam\u0131z"},"content":{"rendered":"\n\t<section class=\"section\" id=\"section_259204402\">\n\t\t<div class=\"bg section-bg fill bg-fill  \" >\n\n\t\t\t\n\t\t\t\n\t\t\t\n\n\t\t<\/div>\n\n\t\t\n\n\t\t<div class=\"section-content relative\">\n\t\t\t\n\n\n\t\t<\/div>\n\n\t\t\n<style>\n#section_259204402 {\n  padding-top: 0px;\n  padding-bottom: 0px;\n  min-height: 100px;\n  background-color: rgb(245, 245, 245);\n}\n#section_259204402 .section-bg.bg-loaded {\n  background-image: url(https:\/\/www.akmen.com.tr\/wp-content\/uploads\/2021\/03\/kalite.jpg);\n}\n#section_259204402 .ux-shape-divider--top svg {\n  height: 150px;\n  --divider-top-width: 100%;\n}\n#section_259204402 .ux-shape-divider--bottom svg {\n  height: 150px;\n  --divider-width: 100%;\n}\n@media (min-width:550px) {\n  #section_259204402 {\n    min-height: 150px;\n  }\n}\n@media (min-width:850px) {\n  #section_259204402 {\n    min-height: 200px;\n  }\n}\n<\/style>\n\t<\/section>\n\t\n\t<section class=\"section\" id=\"section_1467460547\">\n\t\t<div class=\"bg section-bg fill bg-fill  bg-loaded\" >\n\n\t\t\t\n\t\t\t\n\t\t\t\n\n\t\t<\/div>\n\n\t\t\n\n\t\t<div class=\"section-content relative\">\n\t\t\t\n\n<div class=\"row row-large align-center\"  id=\"row-1668649620\">\n\n\n\t<div id=\"col-806672446\" class=\"col small-12 large-12\"  >\n\t\t\t\t<div class=\"col-inner\"  >\n\t\t\t\n\t\t\t\n\n<div class=\"container section-title-container\" ><h1 class=\"section-title section-title-bold-center\"><b><\/b><span class=\"section-title-main\" style=\"font-size:88%;\">Kalite Politikam\u0131z<\/span><b><\/b><\/h1><\/div>\n\n\t<div id=\"text-2065614058\" class=\"text\">\n\t\t\n\n<p>\u0130\u015fletmemizin insan kayna\u011f\u0131, hammadde, enerji ve \u00fcretim ekipman\u0131 gibi t\u00fcm girdileri i\u00e7in en kaliteli ve en yetkin alternatifleri se\u00e7eriz.<\/p>\n<p>G\u00fcncel teknolojiler ve en geli\u015fmi\u015f \u00fcretim ekipman\u0131yla m\u00fc\u015fterilerimizin beklentilerinin \u00fczerine \u00e7\u0131kan, kolay ula\u015f\u0131labilir, kolay i\u015flenebilir ve sa\u011fl\u0131kl\u0131 \u00fcr\u00fcnleri tasarlar, geli\u015ftirir, \u00fcretir ve bunlar\u0131 sat\u0131\u015f sonras\u0131 hizmetlerle destekleriz.<\/p>\n<p>Kalite y\u00f6netim sistemimizi sahip oldu\u011fumuz STANDARD 100 by OEKO-TEX\u00ae standard\u0131n\u0131n gereklerini yerine getirecek \u015fekilde izler, belgelendirir ve s\u00fcrekli iyile\u015ftiririz.<\/p>\n<p>Her departman\u0131m\u0131z\u0131n politika ve stratejilerini i\u015fletmemizin ana vizyonuyla belirler, toplam kalite felsefesini esas alarak \u015firket ve departman hedeflerine tak\u0131m ruhu i\u00e7inde ula\u015f\u0131r\u0131z.<\/p>\n<p>\u0130\u015fle ilgili s\u00fcre\u00e7lerimizi ve \u00fcr\u00fcnlerimizi her a\u015famada g\u00f6zden ge\u00e7irir, s\u00fcrekli iyile\u015ftirme yakla\u015f\u0131m\u0131yla verimlili\u011fimizi uluslararas\u0131 pazarda rekabet edebilecek seviyeye y\u00fckseltiriz.<\/p>\n<p>Altyap\u0131s\u0131 konfeksiyon \u00fcretimi ve ihracat\u0131 olan firmam\u0131z; teslim tarihlerinin \u00f6neminin bilincinde olarak zaman\u0131nda teslimat yapmak i\u00e7in \u00e7al\u0131\u015f\u0131r\u0131z.<\/p>\n<p>\u00c7al\u0131\u015fanlar\u0131m\u0131za ve tedarik\u00e7ilerimize, teknik ve pratik yetkinliklerini art\u0131racak e\u011fitimler verir, bu bilgi birikiminin \u00f6zg\u00fcn, yenilik\u00e7i ve yarat\u0131c\u0131 \u00e7\u00f6z\u00fcmlerle sonu\u00e7lanmas\u0131 i\u00e7in onlar\u0131 cesaretlendiririz.<\/p>\n<p>Uluslararas\u0131 ge\u00e7erlili\u011fi olan \u00e7evre, i\u015f sa\u011fl\u0131\u011f\u0131 ve i\u015f g\u00fcvenli\u011fi y\u00f6netim sistemleriyle uyumlu hareket eder, fantezi iplik ve fantezi kuma\u015f sekt\u00f6r\u00fcnde kalite a\u00e7\u0131s\u0131ndan \u00f6nc\u00fc ve \u00f6rnek i\u015fletme olmak i\u00e7in \u00e7al\u0131\u015f\u0131r\u0131z.<\/p>\n\t\t\n<style>\n#text-2065614058 {\n  text-align: center;\n}\n@media (min-width:550px) {\n  #text-2065614058 {\n    text-align: left;\n  }\n}\n<\/style>\n\t<\/div>\n\t\n\n\t\t<\/div>\n\t\t\t\t\n<style>\n#col-806672446 > .col-inner {\n  padding: 0px 30px 0px 30px;\n}\n<\/style>\n\t<\/div>\n\n\t\n\n<\/div>\n\n\t\t<\/div>\n\n\t\t\n<style>\n#section_1467460547 {\n  padding-top: 30px;\n  padding-bottom: 30px;\n}\n#section_1467460547 .ux-shape-divider--top svg {\n  height: 150px;\n  --divider-top-width: 100%;\n}\n#section_1467460547 .ux-shape-divider--bottom svg {\n  height: 150px;\n  --divider-width: 100%;\n}\n<\/style>\n\t<\/section>\n\t\n\n","protected":false},"excerpt":{"rendered":"","protected":false},"author":1,"featured_media":0,"parent":0,"menu_order":0,"comment_status":"closed","ping_status":"closed","template":"page-blank.php","meta":{"footnotes":""},"class_list":["post-5659","page","type-page","status-publish","hentry"],"_links":{"self":[{"href":"https:\/\/www.akmen.com.tr\/tr\/wp-json\/wp\/v2\/pages\/5659","targetHints":{"allow":["GET"]}}],"collection":[{"href":"https:\/\/www.akmen.com.tr\/tr\/wp-json\/wp\/v2\/pages"}],"about":[{"href":"https:\/\/www.akmen.com.tr\/tr\/wp-json\/wp\/v2\/types\/page"}],"author":[{"embeddable":true,"href":"https:\/\/www.akmen.com.tr\/tr\/wp-json\/wp\/v2\/users\/1"}],"replies":[{"embeddable":true,"href":"https:\/\/www.akmen.com.tr\/tr\/wp-json\/wp\/v2\/comments?post=5659"}],"version-history":[{"count":0,"href":"https:\/\/www.akmen.com.tr\/tr\/wp-json\/wp\/v2\/pages\/5659\/revisions"}],"wp:attachment":[{"href":"https:\/\/www.akmen.com.tr\/tr\/wp-json\/wp\/v2\/media?parent=5659"}],"curies":[{"name":"wp","href":"https:\/\/api.w.org\/{rel}","templated":true}]}}