{"id":5665,"date":"2020-10-31T13:30:38","date_gmt":"2020-10-31T13:30:38","guid":{"rendered":"https:\/\/www.akmen.com.tr\/?page_id=5665"},"modified":"2021-10-05T21:26:06","modified_gmt":"2021-10-05T21:26:06","slug":"fantezi-iplik","status":"publish","type":"page","link":"https:\/\/www.akmen.com.tr\/tr\/fantezi-iplik\/","title":{"rendered":"Fantezi \u0130plik"},"content":{"rendered":"\n<div class=\"row row-full-width\"  id=\"row-905184258\">\n\n\n\t<div id=\"col-1741944413\" class=\"col small-12 large-12\"  >\n\t\t\t\t<div class=\"col-inner\"  >\n\t\t\t\n\t\t\t\n\n\n  <div class=\"banner has-hover has-parallax\" id=\"banner-671163049\">\n          <div class=\"banner-inner fill\">\n        <div class=\"banner-bg fill\" data-parallax=\"-5\" data-parallax-container=\".banner\" data-parallax-background>\n            <div class=\"bg fill bg-fill \"><\/div>\n                        <div class=\"overlay\"><\/div>            \n                    <\/div>\n\t\t\n        <div class=\"banner-layers container\">\n            <div class=\"fill banner-link\"><\/div>            \n\n   <div id=\"text-box-1856129345\" class=\"text-box banner-layer x50 md-x50 lg-x50 y50 md-y50 lg-y50 res-text\">\n                                <div class=\"text-box-content text dark\">\n              \n              <div class=\"text-inner text-center\">\n                  \n\n\t<div id=\"text-529447169\" class=\"text\">\n\t\t\n\n<h3 class=\"uppercase\"><strong>FANTEZ\u0130 \u0130PL\u0130K<\/strong><\/h3>\n<p>Yepyeni kreasyonlar yaratabilece\u011finiz, kolay i\u015flenebilir ve sa\u011flam fantezi iplikler ar\u0131yorsan\u0131z do\u011fru yerdesiniz. S\u00fcrekli yenilik aray\u0131\u015f\u0131nda olan tasar\u0131mc\u0131lar\u0131m\u0131z, i\u015finin uzman\u0131 \u00e7al\u0131\u015fanlar\u0131m\u0131z ve son teknoloji makine parkurumuzla elyaftan ba\u015flay\u0131p her ihtiyaca \u00f6zel fantezi iplikler \u00fcretiyoruz.<\/p>\n\t\t\n<style>\n#text-529447169 {\n  font-size: 1rem;\n}\n<\/style>\n\t<\/div>\n\t\n\n              <\/div>\n           <\/div>\n                            \n<style>\n#text-box-1856129345 {\n  width: 60%;\n}\n#text-box-1856129345 .text-box-content {\n  font-size: 100%;\n}\n<\/style>\n    <\/div>\n \n\n        <\/div>\n      <\/div>\n\n            \n<style>\n#banner-671163049 {\n  padding-top: 448px;\n}\n#banner-671163049 .bg.bg-loaded {\n  background-image: url(https:\/\/www.akmen.com.tr\/wp-content\/uploads\/2020\/10\/CD_0294.jpg);\n}\n#banner-671163049 .overlay {\n  background-color: rgba(0, 0, 0, 0.355);\n}\n#banner-671163049 .ux-shape-divider--top svg {\n  height: 150px;\n  --divider-top-width: 100%;\n}\n#banner-671163049 .ux-shape-divider--bottom svg {\n  height: 150px;\n  --divider-width: 100%;\n}\n@media (min-width:550px) {\n  #banner-671163049 {\n    padding-top: 370px;\n  }\n}\n<\/style>\n  <\/div>\n\n\n\n\t\t<\/div>\n\t\t\t\t\t<\/div>\n\n\t\n\n<\/div>\n<div class=\"row\"  id=\"row-1789573286\">\n\n\n\t<div id=\"col-1825465126\" class=\"col small-12 large-12\"  >\n\t\t\t\t<div class=\"col-inner\"  >\n\t\t\t\n\t\t\t\n\n<p>Pamuk, akrilik, flo\u015f, viskon, recycled polyester, polyamid, y\u00fcn, tiftik, keten, kenevir, elastan vb. elyaflardan ve bunlar\u0131n muhtelif kar\u0131\u015f\u0131mlar\u0131ndan 1 Nm&#8217;den 20 Nm&#8217;ye kadar geni\u015f \u00f6l\u00e7ekte \u00e7al\u0131\u015fabiliyoruz. Buklet, frize, noppe, flam, makarna olarak adland\u0131r\u0131lan zengin iplik \u00e7e\u015fitlerimizi b\u00fcnyemizdeki 16 adet Sauer Allma marka makinelerimizle \u00fcretiyoruz.<\/p>\n<p>Y\u00fcn\/akrilik ve benzeri kar\u0131\u015f\u0131mlar yapabilen N. Schlumberger marka haz\u0131rlama b\u00f6l\u00fcm\u00fcm\u00fcz ve g\u00fcnl\u00fck 3 ton kal\u0131n iplik \u00fcretebilen Kammgarn \u00fcretim band\u0131m\u0131zla farkl\u0131 sipari\u015flerinize de h\u0131zla cevap veriyoruz. Yine b\u00fcnyemizde bulunan punta, \u015fi\u015firme ve \u015fardon makinelerimizle \u00f6zel efektler ve tu\u015feler elde ediyoruz.<\/p>\n<p>Fitilden buklet, iplikten buklet, fitilden nope, iplikten nope, iplikten degrade buklet, fitilden degrade buklet gibi se\u00e7enekleri de bar\u0131nd\u0131ran fantezi iplik se\u00e7eneklerimizden dokuma, \u00f6rme (triko ve yuvarlak \u00f6rme ) ve ev tekstili (d\u00f6\u015femelik kuma\u015f, hal\u0131, vb.) gibi \u00e7ok \u00e7e\u015fitli alanlarda faydalanabilirsiniz.<\/p>\n<h4>Ayl\u0131k 150 tona ula\u015fan kapasitemizle, hayal edebilece\u011finiz t\u00fcm fantezi iplik ihtiya\u00e7lar\u0131n\u0131z i\u00e7in yan\u0131n\u0131zday\u0131z.<\/h4>\n\n\t\t<\/div>\n\t\t\t\t\n<style>\n#col-1825465126 > .col-inner {\n  padding: 5px 15px 5px 10px;\n}\n<\/style>\n\t<\/div>\n\n\t\n\n<\/div>\n\t<section class=\"section\" id=\"section_1193629561\">\n\t\t<div class=\"bg section-bg fill bg-fill  bg-loaded\" >\n\n\t\t\t\n\t\t\t\n\t\t\t\n\n\t\t<\/div>\n\n\t\t\n\n\t\t<div class=\"section-content relative\">\n\t\t\t\n\n\n  \n    <div class=\"row large-columns-4 medium-columns-3 small-columns-2 row-small slider row-slider slider-nav-reveal slider-nav-push\"  data-flickity-options='{\"imagesLoaded\": true, \"groupCells\": \"100%\", \"dragThreshold\" : 5, \"cellAlign\": \"left\",\"wrapAround\": true,\"prevNextButtons\": true,\"percentPosition\": true,\"pageDots\": false, \"rightToLeft\": false, \"autoPlay\" : false}'>\n\n  \t\n\t     <div class=\"product-small col has-hover product type-product post-4698 status-publish first instock product_cat-high-fancy-fabrics has-post-thumbnail shipping-taxable purchasable product-type-simple\">\n\t<div class=\"col-inner\">\n\t\n<div class=\"badge-container absolute left top z-1\">\n<\/div>\n\t<div class=\"product-small box \">\n\t\t<div class=\"box-image\">\n\t\t\t<div class=\"image-fade_in_back\">\n\t\t\t\t<a href=\"https:\/\/www.akmen.com.tr\/tr\/urun\/akm-3741-1\/\" aria-label=\"Red Black  Knittwear Look Fabric\">\n\t\t\t\t\t<img decoding=\"async\" width=\"296\" height=\"296\" src=\"https:\/\/www.akmen.com.tr\/wp-content\/uploads\/2020\/10\/3741-1-296x296.jpg\" class=\"attachment-woocommerce_thumbnail size-woocommerce_thumbnail\" alt=\"Red Black  Knittwear Look Fabric\" srcset=\"https:\/\/www.akmen.com.tr\/wp-content\/uploads\/2020\/10\/3741-1-296x296.jpg 296w, https:\/\/www.akmen.com.tr\/wp-content\/uploads\/2020\/10\/3741-1-400x400.jpg 400w, https:\/\/www.akmen.com.tr\/wp-content\/uploads\/2020\/10\/3741-1-800x800.jpg 800w, https:\/\/www.akmen.com.tr\/wp-content\/uploads\/2020\/10\/3741-1-280x280.jpg 280w, https:\/\/www.akmen.com.tr\/wp-content\/uploads\/2020\/10\/3741-1-768x768.jpg 768w, https:\/\/www.akmen.com.tr\/wp-content\/uploads\/2020\/10\/3741-1-295x295.jpg 295w, https:\/\/www.akmen.com.tr\/wp-content\/uploads\/2020\/10\/3741-1-100x100.jpg 100w, https:\/\/www.akmen.com.tr\/wp-content\/uploads\/2020\/10\/3741-1.jpg 900w\" sizes=\"(max-width: 296px) 100vw, 296px\" \/>\t\t\t\t<\/a>\n\t\t\t<\/div>\n\t\t\t<div class=\"image-tools is-small top right show-on-hover\">\n\t\t\t\t\t\t\t<\/div>\n\t\t\t<div class=\"image-tools is-small hide-for-small bottom left show-on-hover\">\n\t\t\t\t\t\t\t<\/div>\n\t\t\t<div class=\"image-tools grid-tools text-center hide-for-small bottom hover-slide-in show-on-hover\">\n\t\t\t\t\t\t\t<\/div>\n\t\t\t\t\t<\/div>\n\n\t\t<div class=\"box-text box-text-products\">\n\t\t\t<div class=\"title-wrapper\">\t\t<p class=\"category uppercase is-smaller no-text-overflow product-cat op-7\">\n\t\t\tHIGH FANCY FABRICS\t\t<\/p>\n\t<p class=\"name product-title woocommerce-loop-product__title\"><a href=\"https:\/\/www.akmen.com.tr\/tr\/urun\/akm-3741-1\/\" class=\"woocommerce-LoopProduct-link woocommerce-loop-product__link\">Red Black  Knittwear Look Fabric<\/a><\/p><\/div><div class=\"price-wrapper\"><\/div>\t\t<\/div>\n\t<\/div>\n\t\t<\/div>\n<\/div><div class=\"product-small col has-hover product type-product post-4706 status-publish instock product_cat-high-fancy-fabrics has-post-thumbnail shipping-taxable purchasable product-type-simple\">\n\t<div class=\"col-inner\">\n\t\n<div class=\"badge-container absolute left top z-1\">\n<\/div>\n\t<div class=\"product-small box \">\n\t\t<div class=\"box-image\">\n\t\t\t<div class=\"image-fade_in_back\">\n\t\t\t\t<a href=\"https:\/\/www.akmen.com.tr\/tr\/urun\/akm-5310\/\" aria-label=\"White-Ecru Bouckle Fancy Knitted Fabric\">\n\t\t\t\t\t<img decoding=\"async\" width=\"296\" height=\"296\" src=\"https:\/\/www.akmen.com.tr\/wp-content\/uploads\/2020\/10\/5310-296x296.jpg\" class=\"attachment-woocommerce_thumbnail size-woocommerce_thumbnail\" alt=\"White-Ecru Bouckle Fancy Knitted Fabric\" srcset=\"https:\/\/www.akmen.com.tr\/wp-content\/uploads\/2020\/10\/5310-296x296.jpg 296w, https:\/\/www.akmen.com.tr\/wp-content\/uploads\/2020\/10\/5310-400x400.jpg 400w, https:\/\/www.akmen.com.tr\/wp-content\/uploads\/2020\/10\/5310-800x800.jpg 800w, https:\/\/www.akmen.com.tr\/wp-content\/uploads\/2020\/10\/5310-280x280.jpg 280w, https:\/\/www.akmen.com.tr\/wp-content\/uploads\/2020\/10\/5310-768x768.jpg 768w, https:\/\/www.akmen.com.tr\/wp-content\/uploads\/2020\/10\/5310-295x295.jpg 295w, https:\/\/www.akmen.com.tr\/wp-content\/uploads\/2020\/10\/5310-100x100.jpg 100w, https:\/\/www.akmen.com.tr\/wp-content\/uploads\/2020\/10\/5310.jpg 900w\" sizes=\"(max-width: 296px) 100vw, 296px\" \/>\t\t\t\t<\/a>\n\t\t\t<\/div>\n\t\t\t<div class=\"image-tools is-small top right show-on-hover\">\n\t\t\t\t\t\t\t<\/div>\n\t\t\t<div class=\"image-tools is-small hide-for-small bottom left show-on-hover\">\n\t\t\t\t\t\t\t<\/div>\n\t\t\t<div class=\"image-tools grid-tools text-center hide-for-small bottom hover-slide-in show-on-hover\">\n\t\t\t\t\t\t\t<\/div>\n\t\t\t\t\t<\/div>\n\n\t\t<div class=\"box-text box-text-products\">\n\t\t\t<div class=\"title-wrapper\">\t\t<p class=\"category uppercase is-smaller no-text-overflow product-cat op-7\">\n\t\t\tHIGH FANCY FABRICS\t\t<\/p>\n\t<p class=\"name product-title woocommerce-loop-product__title\"><a href=\"https:\/\/www.akmen.com.tr\/tr\/urun\/akm-5310\/\" class=\"woocommerce-LoopProduct-link woocommerce-loop-product__link\">White-Ecru Bouckle Fancy Knitted Fabric<\/a><\/p><\/div><div class=\"price-wrapper\"><\/div>\t\t<\/div>\n\t<\/div>\n\t\t<\/div>\n<\/div><div class=\"product-small col has-hover product type-product post-4702 status-publish last instock product_cat-high-fancy-fabrics has-post-thumbnail shipping-taxable purchasable product-type-simple\">\n\t<div class=\"col-inner\">\n\t\n<div class=\"badge-container absolute left top z-1\">\n<\/div>\n\t<div class=\"product-small box \">\n\t\t<div class=\"box-image\">\n\t\t\t<div class=\"image-fade_in_back\">\n\t\t\t\t<a href=\"https:\/\/www.akmen.com.tr\/tr\/urun\/akm-4691-2\/\" aria-label=\"White-Black Fancy Fabric\">\n\t\t\t\t\t<img decoding=\"async\" width=\"296\" height=\"296\" src=\"https:\/\/www.akmen.com.tr\/wp-content\/uploads\/2020\/10\/4691-2-296x296.jpg\" class=\"attachment-woocommerce_thumbnail size-woocommerce_thumbnail\" alt=\"White-Black Fancy Fabric\" srcset=\"https:\/\/www.akmen.com.tr\/wp-content\/uploads\/2020\/10\/4691-2-296x296.jpg 296w, https:\/\/www.akmen.com.tr\/wp-content\/uploads\/2020\/10\/4691-2-400x400.jpg 400w, https:\/\/www.akmen.com.tr\/wp-content\/uploads\/2020\/10\/4691-2-800x800.jpg 800w, https:\/\/www.akmen.com.tr\/wp-content\/uploads\/2020\/10\/4691-2-280x280.jpg 280w, https:\/\/www.akmen.com.tr\/wp-content\/uploads\/2020\/10\/4691-2-768x768.jpg 768w, https:\/\/www.akmen.com.tr\/wp-content\/uploads\/2020\/10\/4691-2-295x295.jpg 295w, https:\/\/www.akmen.com.tr\/wp-content\/uploads\/2020\/10\/4691-2-100x100.jpg 100w, https:\/\/www.akmen.com.tr\/wp-content\/uploads\/2020\/10\/4691-2.jpg 900w\" sizes=\"(max-width: 296px) 100vw, 296px\" \/>\t\t\t\t<\/a>\n\t\t\t<\/div>\n\t\t\t<div class=\"image-tools is-small top right show-on-hover\">\n\t\t\t\t\t\t\t<\/div>\n\t\t\t<div class=\"image-tools is-small hide-for-small bottom left show-on-hover\">\n\t\t\t\t\t\t\t<\/div>\n\t\t\t<div class=\"image-tools grid-tools text-center hide-for-small bottom hover-slide-in show-on-hover\">\n\t\t\t\t\t\t\t<\/div>\n\t\t\t\t\t<\/div>\n\n\t\t<div class=\"box-text box-text-products\">\n\t\t\t<div class=\"title-wrapper\">\t\t<p class=\"category uppercase is-smaller no-text-overflow product-cat op-7\">\n\t\t\tHIGH FANCY FABRICS\t\t<\/p>\n\t<p class=\"name product-title woocommerce-loop-product__title\"><a href=\"https:\/\/www.akmen.com.tr\/tr\/urun\/akm-4691-2\/\" class=\"woocommerce-LoopProduct-link woocommerce-loop-product__link\">White-Black Fancy Fabric<\/a><\/p><\/div><div class=\"price-wrapper\"><\/div>\t\t<\/div>\n\t<\/div>\n\t\t<\/div>\n<\/div><div class=\"product-small col has-hover product type-product post-4701 status-publish first instock product_cat-high-fancy-fabrics has-post-thumbnail shipping-taxable purchasable product-type-simple\">\n\t<div class=\"col-inner\">\n\t\n<div class=\"badge-container absolute left top z-1\">\n<\/div>\n\t<div class=\"product-small box \">\n\t\t<div class=\"box-image\">\n\t\t\t<div class=\"image-fade_in_back\">\n\t\t\t\t<a href=\"https:\/\/www.akmen.com.tr\/tr\/urun\/akm-4830\/\" aria-label=\"Black Checks With Twisted Black-White Colour Knitted Fancy Fabric\">\n\t\t\t\t\t<img decoding=\"async\" width=\"296\" height=\"296\" src=\"https:\/\/www.akmen.com.tr\/wp-content\/uploads\/2020\/10\/4830-296x296.jpg\" class=\"attachment-woocommerce_thumbnail size-woocommerce_thumbnail\" alt=\"Black Checks With Twisted Black-White Colour Knitted Fancy Fabric\" srcset=\"https:\/\/www.akmen.com.tr\/wp-content\/uploads\/2020\/10\/4830-296x296.jpg 296w, https:\/\/www.akmen.com.tr\/wp-content\/uploads\/2020\/10\/4830-400x400.jpg 400w, https:\/\/www.akmen.com.tr\/wp-content\/uploads\/2020\/10\/4830-800x800.jpg 800w, https:\/\/www.akmen.com.tr\/wp-content\/uploads\/2020\/10\/4830-280x280.jpg 280w, https:\/\/www.akmen.com.tr\/wp-content\/uploads\/2020\/10\/4830-768x768.jpg 768w, https:\/\/www.akmen.com.tr\/wp-content\/uploads\/2020\/10\/4830-295x295.jpg 295w, https:\/\/www.akmen.com.tr\/wp-content\/uploads\/2020\/10\/4830-100x100.jpg 100w, https:\/\/www.akmen.com.tr\/wp-content\/uploads\/2020\/10\/4830.jpg 900w\" sizes=\"(max-width: 296px) 100vw, 296px\" \/>\t\t\t\t<\/a>\n\t\t\t<\/div>\n\t\t\t<div class=\"image-tools is-small top right show-on-hover\">\n\t\t\t\t\t\t\t<\/div>\n\t\t\t<div class=\"image-tools is-small hide-for-small bottom left show-on-hover\">\n\t\t\t\t\t\t\t<\/div>\n\t\t\t<div class=\"image-tools grid-tools text-center hide-for-small bottom hover-slide-in show-on-hover\">\n\t\t\t\t\t\t\t<\/div>\n\t\t\t\t\t<\/div>\n\n\t\t<div class=\"box-text box-text-products\">\n\t\t\t<div class=\"title-wrapper\">\t\t<p class=\"category uppercase is-smaller no-text-overflow product-cat op-7\">\n\t\t\tHIGH FANCY FABRICS\t\t<\/p>\n\t<p class=\"name product-title woocommerce-loop-product__title\"><a href=\"https:\/\/www.akmen.com.tr\/tr\/urun\/akm-4830\/\" class=\"woocommerce-LoopProduct-link woocommerce-loop-product__link\">Black Checks With Twisted Black-White Colour Knitted Fancy Fabric<\/a><\/p><\/div><div class=\"price-wrapper\"><\/div>\t\t<\/div>\n\t<\/div>\n\t\t<\/div>\n<\/div><div class=\"product-small col has-hover product type-product post-4878 status-publish instock product_cat-high-fancy-fabrics has-post-thumbnail shipping-taxable purchasable product-type-simple\">\n\t<div class=\"col-inner\">\n\t\n<div class=\"badge-container absolute left top z-1\">\n<div class=\"badge callout badge-circle\"><div class=\"badge-inner callout-new-bg is-small new-bubble\">Yeni<\/div><\/div><\/div>\n\t<div class=\"product-small box \">\n\t\t<div class=\"box-image\">\n\t\t\t<div class=\"image-fade_in_back\">\n\t\t\t\t<a href=\"https:\/\/www.akmen.com.tr\/tr\/urun\/akm-5156\/\" aria-label=\"Mustard Black Twisted Yarn Knitted Fabric\">\n\t\t\t\t\t<img decoding=\"async\" width=\"296\" height=\"296\" src=\"https:\/\/www.akmen.com.tr\/wp-content\/uploads\/2020\/10\/5156-296x296.jpg\" class=\"attachment-woocommerce_thumbnail size-woocommerce_thumbnail\" alt=\"Mustard Black Twisted Yarn Knitted Fabric\" srcset=\"https:\/\/www.akmen.com.tr\/wp-content\/uploads\/2020\/10\/5156-296x296.jpg 296w, https:\/\/www.akmen.com.tr\/wp-content\/uploads\/2020\/10\/5156-100x100.jpg 100w, https:\/\/www.akmen.com.tr\/wp-content\/uploads\/2020\/10\/5156-295x295.jpg 295w, https:\/\/www.akmen.com.tr\/wp-content\/uploads\/2020\/10\/5156-300x300.jpg 300w, https:\/\/www.akmen.com.tr\/wp-content\/uploads\/2020\/10\/5156-150x150.jpg 150w, https:\/\/www.akmen.com.tr\/wp-content\/uploads\/2020\/10\/5156-768x768.jpg 768w, https:\/\/www.akmen.com.tr\/wp-content\/uploads\/2020\/10\/5156-187x187.jpg 187w, https:\/\/www.akmen.com.tr\/wp-content\/uploads\/2020\/10\/5156.jpg 900w\" sizes=\"(max-width: 296px) 100vw, 296px\" \/>\t\t\t\t<\/a>\n\t\t\t<\/div>\n\t\t\t<div class=\"image-tools is-small top right show-on-hover\">\n\t\t\t\t\t\t\t<\/div>\n\t\t\t<div class=\"image-tools is-small hide-for-small bottom left show-on-hover\">\n\t\t\t\t\t\t\t<\/div>\n\t\t\t<div class=\"image-tools grid-tools text-center hide-for-small bottom hover-slide-in show-on-hover\">\n\t\t\t\t\t\t\t<\/div>\n\t\t\t\t\t<\/div>\n\n\t\t<div class=\"box-text box-text-products\">\n\t\t\t<div class=\"title-wrapper\">\t\t<p class=\"category uppercase is-smaller no-text-overflow product-cat op-7\">\n\t\t\tHIGH FANCY FABRICS\t\t<\/p>\n\t<p class=\"name product-title woocommerce-loop-product__title\"><a href=\"https:\/\/www.akmen.com.tr\/tr\/urun\/akm-5156\/\" class=\"woocommerce-LoopProduct-link woocommerce-loop-product__link\">Mustard Black Twisted Yarn Knitted Fabric<\/a><\/p><\/div><div class=\"price-wrapper\"><\/div>\t\t<\/div>\n\t<\/div>\n\t\t<\/div>\n<\/div><div class=\"product-small col has-hover product type-product post-4703 status-publish last instock product_cat-high-fancy-fabrics has-post-thumbnail shipping-taxable purchasable product-type-simple\">\n\t<div class=\"col-inner\">\n\t\n<div class=\"badge-container absolute left top z-1\">\n<\/div>\n\t<div class=\"product-small box \">\n\t\t<div class=\"box-image\">\n\t\t\t<div class=\"image-fade_in_back\">\n\t\t\t\t<a href=\"https:\/\/www.akmen.com.tr\/tr\/urun\/akm-5615-1\/\" aria-label=\"Beige-Blue-White-Black With Lurex Striped Knitted Fabric\">\n\t\t\t\t\t<img decoding=\"async\" width=\"296\" height=\"296\" src=\"https:\/\/www.akmen.com.tr\/wp-content\/uploads\/2020\/10\/5615-1-296x296.jpg\" class=\"attachment-woocommerce_thumbnail size-woocommerce_thumbnail\" alt=\"Beige-Blue-White-Black With Lurex Striped Knitted Fabric\" srcset=\"https:\/\/www.akmen.com.tr\/wp-content\/uploads\/2020\/10\/5615-1-296x296.jpg 296w, https:\/\/www.akmen.com.tr\/wp-content\/uploads\/2020\/10\/5615-1-400x400.jpg 400w, https:\/\/www.akmen.com.tr\/wp-content\/uploads\/2020\/10\/5615-1-800x800.jpg 800w, https:\/\/www.akmen.com.tr\/wp-content\/uploads\/2020\/10\/5615-1-280x280.jpg 280w, https:\/\/www.akmen.com.tr\/wp-content\/uploads\/2020\/10\/5615-1-768x768.jpg 768w, https:\/\/www.akmen.com.tr\/wp-content\/uploads\/2020\/10\/5615-1-295x295.jpg 295w, https:\/\/www.akmen.com.tr\/wp-content\/uploads\/2020\/10\/5615-1-100x100.jpg 100w, https:\/\/www.akmen.com.tr\/wp-content\/uploads\/2020\/10\/5615-1.jpg 900w\" sizes=\"(max-width: 296px) 100vw, 296px\" \/>\t\t\t\t<\/a>\n\t\t\t<\/div>\n\t\t\t<div class=\"image-tools is-small top right show-on-hover\">\n\t\t\t\t\t\t\t<\/div>\n\t\t\t<div class=\"image-tools is-small hide-for-small bottom left show-on-hover\">\n\t\t\t\t\t\t\t<\/div>\n\t\t\t<div class=\"image-tools grid-tools text-center hide-for-small bottom hover-slide-in show-on-hover\">\n\t\t\t\t\t\t\t<\/div>\n\t\t\t\t\t<\/div>\n\n\t\t<div class=\"box-text box-text-products\">\n\t\t\t<div class=\"title-wrapper\">\t\t<p class=\"category uppercase is-smaller no-text-overflow product-cat op-7\">\n\t\t\tHIGH FANCY FABRICS\t\t<\/p>\n\t<p class=\"name product-title woocommerce-loop-product__title\"><a href=\"https:\/\/www.akmen.com.tr\/tr\/urun\/akm-5615-1\/\" class=\"woocommerce-LoopProduct-link woocommerce-loop-product__link\">Beige-Blue-White-Black With Lurex Striped Knitted Fabric<\/a><\/p><\/div><div class=\"price-wrapper\"><\/div>\t\t<\/div>\n\t<\/div>\n\t\t<\/div>\n<\/div><div class=\"product-small col has-hover product type-product post-4696 status-publish first instock product_cat-high-fancy-fabrics has-post-thumbnail shipping-taxable purchasable product-type-simple\">\n\t<div class=\"col-inner\">\n\t\n<div class=\"badge-container absolute left top z-1\">\n<\/div>\n\t<div class=\"product-small box \">\n\t\t<div class=\"box-image\">\n\t\t\t<div class=\"image-fade_in_back\">\n\t\t\t\t<a href=\"https:\/\/www.akmen.com.tr\/tr\/urun\/akm-5180\/\" aria-label=\"Grey Hairy Knitted Fabric With Red Pom-Pom&#039;S\">\n\t\t\t\t\t<img decoding=\"async\" width=\"296\" height=\"296\" src=\"https:\/\/www.akmen.com.tr\/wp-content\/uploads\/2020\/10\/5180-296x296.jpg\" class=\"attachment-woocommerce_thumbnail size-woocommerce_thumbnail\" alt=\"Grey Hairy Knitted Fabric With Red Pom-Pom&#039;S\" srcset=\"https:\/\/www.akmen.com.tr\/wp-content\/uploads\/2020\/10\/5180-296x296.jpg 296w, https:\/\/www.akmen.com.tr\/wp-content\/uploads\/2020\/10\/5180-400x400.jpg 400w, https:\/\/www.akmen.com.tr\/wp-content\/uploads\/2020\/10\/5180-800x800.jpg 800w, https:\/\/www.akmen.com.tr\/wp-content\/uploads\/2020\/10\/5180-280x280.jpg 280w, https:\/\/www.akmen.com.tr\/wp-content\/uploads\/2020\/10\/5180-768x768.jpg 768w, https:\/\/www.akmen.com.tr\/wp-content\/uploads\/2020\/10\/5180-295x295.jpg 295w, https:\/\/www.akmen.com.tr\/wp-content\/uploads\/2020\/10\/5180-100x100.jpg 100w, https:\/\/www.akmen.com.tr\/wp-content\/uploads\/2020\/10\/5180.jpg 900w\" sizes=\"(max-width: 296px) 100vw, 296px\" \/>\t\t\t\t<\/a>\n\t\t\t<\/div>\n\t\t\t<div class=\"image-tools is-small top right show-on-hover\">\n\t\t\t\t\t\t\t<\/div>\n\t\t\t<div class=\"image-tools is-small hide-for-small bottom left show-on-hover\">\n\t\t\t\t\t\t\t<\/div>\n\t\t\t<div class=\"image-tools grid-tools text-center hide-for-small bottom hover-slide-in show-on-hover\">\n\t\t\t\t\t\t\t<\/div>\n\t\t\t\t\t<\/div>\n\n\t\t<div class=\"box-text box-text-products\">\n\t\t\t<div class=\"title-wrapper\">\t\t<p class=\"category uppercase is-smaller no-text-overflow product-cat op-7\">\n\t\t\tHIGH FANCY FABRICS\t\t<\/p>\n\t<p class=\"name product-title woocommerce-loop-product__title\"><a href=\"https:\/\/www.akmen.com.tr\/tr\/urun\/akm-5180\/\" class=\"woocommerce-LoopProduct-link woocommerce-loop-product__link\">Grey Hairy Knitted Fabric With Red Pom-Pom&#8217;S<\/a><\/p><\/div><div class=\"price-wrapper\"><\/div>\t\t<\/div>\n\t<\/div>\n\t\t<\/div>\n<\/div><div class=\"product-small col has-hover product type-product post-4695 status-publish instock product_cat-high-fancy-fabrics has-post-thumbnail shipping-taxable purchasable product-type-simple\">\n\t<div class=\"col-inner\">\n\t\n<div class=\"badge-container absolute left top z-1\">\n<\/div>\n\t<div class=\"product-small box \">\n\t\t<div class=\"box-image\">\n\t\t\t<div class=\"image-fade_in_back\">\n\t\t\t\t<a href=\"https:\/\/www.akmen.com.tr\/tr\/urun\/akm-4041\/\" aria-label=\"Black-Grey-Ecru Special Hairy Fabric\">\n\t\t\t\t\t<img decoding=\"async\" width=\"296\" height=\"296\" src=\"https:\/\/www.akmen.com.tr\/wp-content\/uploads\/2020\/10\/4041-296x296.jpg\" class=\"attachment-woocommerce_thumbnail size-woocommerce_thumbnail\" alt=\"Black-Grey-Ecru Special Hairy Fabric \" srcset=\"https:\/\/www.akmen.com.tr\/wp-content\/uploads\/2020\/10\/4041-296x296.jpg 296w, https:\/\/www.akmen.com.tr\/wp-content\/uploads\/2020\/10\/4041-400x400.jpg 400w, https:\/\/www.akmen.com.tr\/wp-content\/uploads\/2020\/10\/4041-800x800.jpg 800w, https:\/\/www.akmen.com.tr\/wp-content\/uploads\/2020\/10\/4041-280x280.jpg 280w, https:\/\/www.akmen.com.tr\/wp-content\/uploads\/2020\/10\/4041-768x768.jpg 768w, https:\/\/www.akmen.com.tr\/wp-content\/uploads\/2020\/10\/4041-295x295.jpg 295w, https:\/\/www.akmen.com.tr\/wp-content\/uploads\/2020\/10\/4041-100x100.jpg 100w, https:\/\/www.akmen.com.tr\/wp-content\/uploads\/2020\/10\/4041.jpg 900w\" sizes=\"(max-width: 296px) 100vw, 296px\" \/>\t\t\t\t<\/a>\n\t\t\t<\/div>\n\t\t\t<div class=\"image-tools is-small top right show-on-hover\">\n\t\t\t\t\t\t\t<\/div>\n\t\t\t<div class=\"image-tools is-small hide-for-small bottom left show-on-hover\">\n\t\t\t\t\t\t\t<\/div>\n\t\t\t<div class=\"image-tools grid-tools text-center hide-for-small bottom hover-slide-in show-on-hover\">\n\t\t\t\t\t\t\t<\/div>\n\t\t\t\t\t<\/div>\n\n\t\t<div class=\"box-text box-text-products\">\n\t\t\t<div class=\"title-wrapper\">\t\t<p class=\"category uppercase is-smaller no-text-overflow product-cat op-7\">\n\t\t\tHIGH FANCY FABRICS\t\t<\/p>\n\t<p class=\"name product-title woocommerce-loop-product__title\"><a href=\"https:\/\/www.akmen.com.tr\/tr\/urun\/akm-4041\/\" class=\"woocommerce-LoopProduct-link woocommerce-loop-product__link\">Black-Grey-Ecru Special Hairy Fabric<\/a><\/p><\/div><div class=\"price-wrapper\"><\/div>\t\t<\/div>\n\t<\/div>\n\t\t<\/div>\n<\/div><\/div>\n\n\n\t\t<\/div>\n\n\t\t\n<style>\n#section_1193629561 {\n  padding-top: 30px;\n  padding-bottom: 30px;\n  background-color: rgb(243, 243, 243);\n}\n#section_1193629561 .ux-shape-divider--top svg {\n  height: 150px;\n  --divider-top-width: 100%;\n}\n#section_1193629561 .ux-shape-divider--bottom svg {\n  height: 150px;\n  --divider-width: 100%;\n}\n<\/style>\n\t<\/section>\n\t\n\n","protected":false},"excerpt":{"rendered":"","protected":false},"author":1,"featured_media":0,"parent":0,"menu_order":0,"comment_status":"closed","ping_status":"closed","template":"page-blank.php","meta":{"footnotes":""},"class_list":["post-5665","page","type-page","status-publish","hentry"],"_links":{"self":[{"href":"https:\/\/www.akmen.com.tr\/tr\/wp-json\/wp\/v2\/pages\/5665","targetHints":{"allow":["GET"]}}],"collection":[{"href":"https:\/\/www.akmen.com.tr\/tr\/wp-json\/wp\/v2\/pages"}],"about":[{"href":"https:\/\/www.akmen.com.tr\/tr\/wp-json\/wp\/v2\/types\/page"}],"author":[{"embeddable":true,"href":"https:\/\/www.akmen.com.tr\/tr\/wp-json\/wp\/v2\/users\/1"}],"replies":[{"embeddable":true,"href":"https:\/\/www.akmen.com.tr\/tr\/wp-json\/wp\/v2\/comments?post=5665"}],"version-history":[{"count":0,"href":"https:\/\/www.akmen.com.tr\/tr\/wp-json\/wp\/v2\/pages\/5665\/revisions"}],"wp:attachment":[{"href":"https:\/\/www.akmen.com.tr\/tr\/wp-json\/wp\/v2\/media?parent=5665"}],"curies":[{"name":"wp","href":"https:\/\/api.w.org\/{rel}","templated":true}]}}