{"id":5667,"date":"2020-10-31T13:30:53","date_gmt":"2020-10-31T13:30:53","guid":{"rendered":"https:\/\/www.akmen.com.tr\/?page_id=5667"},"modified":"2021-10-05T21:33:11","modified_gmt":"2021-10-05T21:33:11","slug":"orme-kumas","status":"publish","type":"page","link":"https:\/\/www.akmen.com.tr\/tr\/orme-kumas\/","title":{"rendered":"\u00d6rme Kuma\u015f"},"content":{"rendered":"\n\t<section class=\"section\" id=\"section_363206793\">\n\t\t<div class=\"bg section-bg fill bg-fill  bg-loaded\" >\n\n\t\t\t\n\t\t\t\n\t\t\t\n\n\t\t<\/div>\n\n\t\t\n\n\t\t<div class=\"section-content relative\">\n\t\t\t\n\n\n  <div class=\"banner has-hover has-parallax\" id=\"banner-416193197\">\n          <div class=\"banner-inner fill\">\n        <div class=\"banner-bg fill\" data-parallax=\"-5\" data-parallax-container=\".banner\" data-parallax-background>\n            <div class=\"bg fill bg-fill \"><\/div>\n                        <div class=\"overlay\"><\/div>            \n                    <\/div>\n\t\t\n        <div class=\"banner-layers container\">\n            <div class=\"fill banner-link\"><\/div>            \n\n   <div id=\"text-box-1488303634\" class=\"text-box banner-layer x50 md-x50 lg-x50 y50 md-y50 lg-y50 res-text\">\n                                <div class=\"text-box-content text dark\">\n              \n              <div class=\"text-inner text-center\">\n                  \n\n\t<div id=\"text-1630852337\" class=\"text\">\n\t\t\n\n<h3 class=\"uppercase\"><strong>\u00d6RME KUMA\u015e<\/strong><\/h3>\n<p>\u00dcretim departman\u0131m\u0131zla hayal edebilece\u011finiz her kuma\u015f\u0131, tasar\u0131m departman\u0131m\u0131zla hen\u00fcz hayal edilmemi\u015f fantezi kuma\u015flar\u0131 \u00fcretmek i\u00e7in \u00e7al\u0131\u015f\u0131yoruz. Her zevke hitap eden kreasyonlara imza atman\u0131z i\u00e7in, g\u00f6z al\u0131c\u0131 g\u00fczellikte ve s\u0131n\u0131rs\u0131z \u00e7e\u015fitte fantezi kuma\u015flar \u00fcretiyoruz.<\/p>\n\t\t\n<style>\n#text-1630852337 {\n  font-size: 0.9rem;\n}\n<\/style>\n\t<\/div>\n\t\n\n              <\/div>\n           <\/div>\n                            \n<style>\n#text-box-1488303634 {\n  width: 60%;\n}\n#text-box-1488303634 .text-box-content {\n  font-size: 100%;\n}\n<\/style>\n    <\/div>\n \n\n        <\/div>\n      <\/div>\n\n            \n<style>\n#banner-416193197 {\n  padding-top: 370px;\n}\n#banner-416193197 .bg.bg-loaded {\n  background-image: url(https:\/\/www.akmen.com.tr\/wp-content\/uploads\/2020\/10\/kumas-1024x480.jpg);\n}\n#banner-416193197 .overlay {\n  background-color: rgba(0, 0, 0, 0.17);\n}\n#banner-416193197 .ux-shape-divider--top svg {\n  height: 150px;\n  --divider-top-width: 100%;\n}\n#banner-416193197 .ux-shape-divider--bottom svg {\n  height: 150px;\n  --divider-width: 100%;\n}\n<\/style>\n  <\/div>\n\n\n\n\t\t<\/div>\n\n\t\t\n<style>\n#section_363206793 {\n  padding-top: 0px;\n  padding-bottom: 0px;\n  min-height: 300px;\n  background-color: rgb(245, 245, 245);\n}\n#section_363206793 .ux-shape-divider--top svg {\n  height: 150px;\n  --divider-top-width: 100%;\n}\n#section_363206793 .ux-shape-divider--bottom svg {\n  height: 150px;\n  --divider-width: 100%;\n}\n<\/style>\n\t<\/section>\n\t\n\t<section class=\"section\" id=\"section_8358588\">\n\t\t<div class=\"bg section-bg fill bg-fill  bg-loaded\" >\n\n\t\t\t\n\t\t\t\n\t\t\t\n\n\t\t<\/div>\n\n\t\t\n\n\t\t<div class=\"section-content relative\">\n\t\t\t\n\n<div class=\"row\"  id=\"row-1145022987\">\n\n\n\t<div id=\"col-1820603032\" class=\"col small-12 large-12\"  >\n\t\t\t\t<div class=\"col-inner\"  >\n\t\t\t\n\t\t\t\n\n<p>T\u00fcm d\u00fcnyadan trendleri takip eden proaktif tasar\u0131m ekibinin imzas\u0131n\u0131 ta\u015f\u0131yan kuma\u015flar\u0131m\u0131z\u0131 kendi \u00fcretimimiz olan fantezi iplikleri kullanarak 2,5 gg&#8217;den 28 gg kal\u0131nl\u0131\u011f\u0131nda ve 110 gr\/m<sup>2<\/sup>&#8216;den 500 gr\/m<sup>2<\/sup> a\u011f\u0131rl\u0131\u011f\u0131nda \u00e7ok geni\u015f bir yelpazede be\u011feninize sunuyoruz.<\/p>\n<p>% 100 pamuk, pamuk\/polyester, polyester\/viskon, pamuk\/akrilik, keten, recycled polyester, polyamid, akrilik, kenevir ve bunlar\u0131n elastanl\u0131 t\u00fcrevleri gibi \u00e7ok farkl\u0131 ipliklerin 1 Nm\u2019den 100 Nm\u2019ye kadar alternatiflerinden \u00fcretim yapabiliyoruz.<\/p>\n<p>Katma de\u011feri y\u00fcksek \u00fcr\u00fcnlerin ihracat\u0131na \u00f6nem veren firmam\u0131z, \u00f6nc\u00fc ve yenilik\u00e7i bir ruh ile her g\u00fcn \u00fcr\u00fcn yelpazesine yeni ve \u00f6zg\u00fcn model ve renkler katmaktad\u0131r. Yeni koleksiyonlar haz\u0131rlamak ve trendleri takip etmek g\u00fcnl\u00fck i\u015flerimizin ayr\u0131lmaz bir par\u00e7as\u0131d\u0131r.<\/p>\n<p>Ayl\u0131k 200 tona varan kuma\u015f \u00fcretim kapasitemizi s\u00fcrekli yeni ve \u00f6zg\u00fcn modellerle, en g\u00f6zde renk se\u00e7enekleriyle g\u00fc\u00e7lendiriyoruz. Portf\u00f6y\u00fcm\u00fcze s\u00fcrekli eklenen yeni \u00fcr\u00fcnlerimiz i\u00e7in bizi takip edin.<\/p>\n\n\t\t<\/div>\n\t\t\t\t\n<style>\n#col-1820603032 > .col-inner {\n  padding: 0px 15px 0px 15px;\n  margin: 35px 0px 0px 0px;\n}\n<\/style>\n\t<\/div>\n\n\t\n\n<\/div>\n\n\t\t<\/div>\n\n\t\t\n<style>\n#section_8358588 {\n  padding-top: 39px;\n  padding-bottom: 39px;\n}\n#section_8358588 .ux-shape-divider--top svg {\n  height: 150px;\n  --divider-top-width: 100%;\n}\n#section_8358588 .ux-shape-divider--bottom svg {\n  height: 150px;\n  --divider-width: 100%;\n}\n<\/style>\n\t<\/section>\n\t\n\t<section class=\"section\" id=\"section_276379426\">\n\t\t<div class=\"bg section-bg fill bg-fill  bg-loaded\" >\n\n\t\t\t\n\t\t\t\n\t\t\t\n\n\t\t<\/div>\n\n\t\t\n\n\t\t<div class=\"section-content relative\">\n\t\t\t\n\n\n  \n    <div class=\"row large-columns-4 medium-columns-3 small-columns-2 row-small slider row-slider slider-nav-reveal\"  data-flickity-options='{\"imagesLoaded\": true, \"groupCells\": \"100%\", \"dragThreshold\" : 5, \"cellAlign\": \"left\",\"wrapAround\": true,\"prevNextButtons\": true,\"percentPosition\": true,\"pageDots\": false, \"rightToLeft\": false, \"autoPlay\" : false}'>\n\n  \t\n\t     <div class=\"col\" >\n\t\t\t\t\t\t<div class=\"col-inner\">\n\t\t\t\t\t\t\n<div class=\"badge-container absolute left top z-1\">\n<\/div>\n\t\t\t\t\t\t<div class=\"product-small box has-hover box-badge hover-dark box-text-bottom\">\n\t\t\t\t\t\t\t<div class=\"box-image\" >\n\t\t\t\t\t\t\t\t<div class=\"\" >\n\t\t\t\t\t\t\t\t\t<a href=\"https:\/\/www.akmen.com.tr\/tr\/urun\/akm-5311\/\" aria-label=\"Check Patterned Knitted  Fabric With Slub Yarn And Lurex\">\n\t\t\t\t\t\t\t\t\t\t<img decoding=\"async\" width=\"296\" height=\"296\" src=\"https:\/\/www.akmen.com.tr\/wp-content\/uploads\/2020\/10\/5311-296x296.jpg\" class=\"attachment-woocommerce_thumbnail size-woocommerce_thumbnail\" alt=\"Check Patterned Knitted  Fabric With Slub Yarn And Lurex  \" srcset=\"https:\/\/www.akmen.com.tr\/wp-content\/uploads\/2020\/10\/5311-296x296.jpg 296w, https:\/\/www.akmen.com.tr\/wp-content\/uploads\/2020\/10\/5311-400x400.jpg 400w, https:\/\/www.akmen.com.tr\/wp-content\/uploads\/2020\/10\/5311-800x800.jpg 800w, https:\/\/www.akmen.com.tr\/wp-content\/uploads\/2020\/10\/5311-280x280.jpg 280w, https:\/\/www.akmen.com.tr\/wp-content\/uploads\/2020\/10\/5311-768x768.jpg 768w, https:\/\/www.akmen.com.tr\/wp-content\/uploads\/2020\/10\/5311-295x295.jpg 295w, https:\/\/www.akmen.com.tr\/wp-content\/uploads\/2020\/10\/5311-100x100.jpg 100w, https:\/\/www.akmen.com.tr\/wp-content\/uploads\/2020\/10\/5311.jpg 900w\" sizes=\"(max-width: 296px) 100vw, 296px\" \/>\t\t\t\t\t\t\t\t\t<\/a>\n\t\t\t\t\t\t\t\t\t\t\t\t\t\t\t\t\t\t \t\t\t\t\t\t\t\t<\/div>\n\t\t\t\t\t\t\t\t<div class=\"image-tools top right show-on-hover\">\n\t\t\t\t\t\t\t\t\t\t\t\t\t\t\t\t\t<\/div>\n\t\t\t\t\t\t\t\t\t\t\t\t\t\t\t\t\t<div class=\"image-tools grid-tools text-center hide-for-small bottom hover-slide-in show-on-hover\">\n\t\t\t\t\t\t\t\t\t\t\t\t\t\t\t\t\t\t\t<\/div>\n\t\t\t\t\t\t\t\t\t\t\t\t\t\t\t\t\t\t\t\t\t\t\t<\/div>\n\n\t\t\t\t\t\t\t<div class=\"box-text text-center\" >\n\t\t\t\t\t\t\t\t<div class=\"title-wrapper\">\t\t<p class=\"category uppercase is-smaller no-text-overflow product-cat op-7\">\n\t\t\tNATURAL FANCY FABRICS\t\t<\/p>\n\t<p class=\"name product-title woocommerce-loop-product__title\"><a href=\"https:\/\/www.akmen.com.tr\/tr\/urun\/akm-5311\/\" class=\"woocommerce-LoopProduct-link woocommerce-loop-product__link\">Check Patterned Knitted  Fabric With Slub Yarn And Lurex<\/a><\/p><\/div><div class=\"price-wrapper\"><\/div>\t\t\t\t\t\t\t<\/div>\n\t\t\t\t\t\t<\/div>\n\t\t\t\t\t\t<\/div>\n\t\t\t\t\t<\/div><div class=\"col\" >\n\t\t\t\t\t\t<div class=\"col-inner\">\n\t\t\t\t\t\t\n<div class=\"badge-container absolute left top z-1\">\n<\/div>\n\t\t\t\t\t\t<div class=\"product-small box has-hover box-badge hover-dark box-text-bottom\">\n\t\t\t\t\t\t\t<div class=\"box-image\" >\n\t\t\t\t\t\t\t\t<div class=\"\" >\n\t\t\t\t\t\t\t\t\t<a href=\"https:\/\/www.akmen.com.tr\/tr\/urun\/akm-5609-1\/\" aria-label=\"White-Grey Twisted Knitted Fabric With Shiney Lurex\">\n\t\t\t\t\t\t\t\t\t\t<img decoding=\"async\" width=\"296\" height=\"296\" src=\"https:\/\/www.akmen.com.tr\/wp-content\/uploads\/2020\/10\/5609-1-296x296.jpg\" class=\"attachment-woocommerce_thumbnail size-woocommerce_thumbnail\" alt=\"White-Grey Twisted Knitted Fabric With Shiney Lurex\" srcset=\"https:\/\/www.akmen.com.tr\/wp-content\/uploads\/2020\/10\/5609-1-296x296.jpg 296w, https:\/\/www.akmen.com.tr\/wp-content\/uploads\/2020\/10\/5609-1-400x400.jpg 400w, https:\/\/www.akmen.com.tr\/wp-content\/uploads\/2020\/10\/5609-1-800x800.jpg 800w, https:\/\/www.akmen.com.tr\/wp-content\/uploads\/2020\/10\/5609-1-280x280.jpg 280w, https:\/\/www.akmen.com.tr\/wp-content\/uploads\/2020\/10\/5609-1-768x768.jpg 768w, https:\/\/www.akmen.com.tr\/wp-content\/uploads\/2020\/10\/5609-1-295x295.jpg 295w, https:\/\/www.akmen.com.tr\/wp-content\/uploads\/2020\/10\/5609-1-100x100.jpg 100w, https:\/\/www.akmen.com.tr\/wp-content\/uploads\/2020\/10\/5609-1.jpg 900w\" sizes=\"(max-width: 296px) 100vw, 296px\" \/>\t\t\t\t\t\t\t\t\t<\/a>\n\t\t\t\t\t\t\t\t\t\t\t\t\t\t\t\t\t\t \t\t\t\t\t\t\t\t<\/div>\n\t\t\t\t\t\t\t\t<div class=\"image-tools top right show-on-hover\">\n\t\t\t\t\t\t\t\t\t\t\t\t\t\t\t\t\t<\/div>\n\t\t\t\t\t\t\t\t\t\t\t\t\t\t\t\t\t<div class=\"image-tools grid-tools text-center hide-for-small bottom hover-slide-in show-on-hover\">\n\t\t\t\t\t\t\t\t\t\t\t\t\t\t\t\t\t\t\t<\/div>\n\t\t\t\t\t\t\t\t\t\t\t\t\t\t\t\t\t\t\t\t\t\t\t<\/div>\n\n\t\t\t\t\t\t\t<div class=\"box-text text-center\" >\n\t\t\t\t\t\t\t\t<div class=\"title-wrapper\">\t\t<p class=\"category uppercase is-smaller no-text-overflow product-cat op-7\">\n\t\t\tNATURAL FANCY FABRICS\t\t<\/p>\n\t<p class=\"name product-title woocommerce-loop-product__title\"><a href=\"https:\/\/www.akmen.com.tr\/tr\/urun\/akm-5609-1\/\" class=\"woocommerce-LoopProduct-link woocommerce-loop-product__link\">White-Grey Twisted Knitted Fabric With Shiney Lurex<\/a><\/p><\/div><div class=\"price-wrapper\"><\/div>\t\t\t\t\t\t\t<\/div>\n\t\t\t\t\t\t<\/div>\n\t\t\t\t\t\t<\/div>\n\t\t\t\t\t<\/div><div class=\"col\" >\n\t\t\t\t\t\t<div class=\"col-inner\">\n\t\t\t\t\t\t\n<div class=\"badge-container absolute left top z-1\">\n<\/div>\n\t\t\t\t\t\t<div class=\"product-small box has-hover box-badge hover-dark box-text-bottom\">\n\t\t\t\t\t\t\t<div class=\"box-image\" >\n\t\t\t\t\t\t\t\t<div class=\"\" >\n\t\t\t\t\t\t\t\t\t<a href=\"https:\/\/www.akmen.com.tr\/tr\/urun\/akm-5608-1\/\" aria-label=\"Pink Leaf Patternd Jacquard Fabric\">\n\t\t\t\t\t\t\t\t\t\t<img decoding=\"async\" width=\"296\" height=\"296\" src=\"https:\/\/www.akmen.com.tr\/wp-content\/uploads\/2020\/10\/5608-1-296x296.jpg\" class=\"attachment-woocommerce_thumbnail size-woocommerce_thumbnail\" alt=\" Pink Leaf Patternd Jacquard Fabric\" srcset=\"https:\/\/www.akmen.com.tr\/wp-content\/uploads\/2020\/10\/5608-1-296x296.jpg 296w, https:\/\/www.akmen.com.tr\/wp-content\/uploads\/2020\/10\/5608-1-400x400.jpg 400w, https:\/\/www.akmen.com.tr\/wp-content\/uploads\/2020\/10\/5608-1-800x800.jpg 800w, https:\/\/www.akmen.com.tr\/wp-content\/uploads\/2020\/10\/5608-1-280x280.jpg 280w, https:\/\/www.akmen.com.tr\/wp-content\/uploads\/2020\/10\/5608-1-768x768.jpg 768w, https:\/\/www.akmen.com.tr\/wp-content\/uploads\/2020\/10\/5608-1-295x295.jpg 295w, https:\/\/www.akmen.com.tr\/wp-content\/uploads\/2020\/10\/5608-1-100x100.jpg 100w, https:\/\/www.akmen.com.tr\/wp-content\/uploads\/2020\/10\/5608-1.jpg 900w\" sizes=\"(max-width: 296px) 100vw, 296px\" \/>\t\t\t\t\t\t\t\t\t<\/a>\n\t\t\t\t\t\t\t\t\t\t\t\t\t\t\t\t\t\t \t\t\t\t\t\t\t\t<\/div>\n\t\t\t\t\t\t\t\t<div class=\"image-tools top right show-on-hover\">\n\t\t\t\t\t\t\t\t\t\t\t\t\t\t\t\t\t<\/div>\n\t\t\t\t\t\t\t\t\t\t\t\t\t\t\t\t\t<div class=\"image-tools grid-tools text-center hide-for-small bottom hover-slide-in show-on-hover\">\n\t\t\t\t\t\t\t\t\t\t\t\t\t\t\t\t\t\t\t<\/div>\n\t\t\t\t\t\t\t\t\t\t\t\t\t\t\t\t\t\t\t\t\t\t\t<\/div>\n\n\t\t\t\t\t\t\t<div class=\"box-text text-center\" >\n\t\t\t\t\t\t\t\t<div class=\"title-wrapper\">\t\t<p class=\"category uppercase is-smaller no-text-overflow product-cat op-7\">\n\t\t\tNATURAL FANCY FABRICS\t\t<\/p>\n\t<p class=\"name product-title woocommerce-loop-product__title\"><a href=\"https:\/\/www.akmen.com.tr\/tr\/urun\/akm-5608-1\/\" class=\"woocommerce-LoopProduct-link woocommerce-loop-product__link\">Pink Leaf Patternd Jacquard Fabric<\/a><\/p><\/div><div class=\"price-wrapper\"><\/div>\t\t\t\t\t\t\t<\/div>\n\t\t\t\t\t\t<\/div>\n\t\t\t\t\t\t<\/div>\n\t\t\t\t\t<\/div><div class=\"col\" >\n\t\t\t\t\t\t<div class=\"col-inner\">\n\t\t\t\t\t\t\n<div class=\"badge-container absolute left top z-1\">\n<\/div>\n\t\t\t\t\t\t<div class=\"product-small box has-hover box-badge hover-dark box-text-bottom\">\n\t\t\t\t\t\t\t<div class=\"box-image\" >\n\t\t\t\t\t\t\t\t<div class=\"\" >\n\t\t\t\t\t\t\t\t\t<a href=\"https:\/\/www.akmen.com.tr\/tr\/urun\/akm-5631-4\/\" aria-label=\"Turquoise-White-Yellow  Striped Fancy Fabric\">\n\t\t\t\t\t\t\t\t\t\t<img decoding=\"async\" width=\"296\" height=\"296\" src=\"https:\/\/www.akmen.com.tr\/wp-content\/uploads\/2020\/10\/5631-4-296x296.jpg\" class=\"attachment-woocommerce_thumbnail size-woocommerce_thumbnail\" alt=\"Turquoise-White-Yellow  Striped Fancy Fabric\" srcset=\"https:\/\/www.akmen.com.tr\/wp-content\/uploads\/2020\/10\/5631-4-296x296.jpg 296w, https:\/\/www.akmen.com.tr\/wp-content\/uploads\/2020\/10\/5631-4-400x400.jpg 400w, https:\/\/www.akmen.com.tr\/wp-content\/uploads\/2020\/10\/5631-4-800x800.jpg 800w, https:\/\/www.akmen.com.tr\/wp-content\/uploads\/2020\/10\/5631-4-280x280.jpg 280w, https:\/\/www.akmen.com.tr\/wp-content\/uploads\/2020\/10\/5631-4-768x768.jpg 768w, https:\/\/www.akmen.com.tr\/wp-content\/uploads\/2020\/10\/5631-4-295x295.jpg 295w, https:\/\/www.akmen.com.tr\/wp-content\/uploads\/2020\/10\/5631-4-100x100.jpg 100w, https:\/\/www.akmen.com.tr\/wp-content\/uploads\/2020\/10\/5631-4.jpg 900w\" sizes=\"(max-width: 296px) 100vw, 296px\" \/>\t\t\t\t\t\t\t\t\t<\/a>\n\t\t\t\t\t\t\t\t\t\t\t\t\t\t\t\t\t\t \t\t\t\t\t\t\t\t<\/div>\n\t\t\t\t\t\t\t\t<div class=\"image-tools top right show-on-hover\">\n\t\t\t\t\t\t\t\t\t\t\t\t\t\t\t\t\t<\/div>\n\t\t\t\t\t\t\t\t\t\t\t\t\t\t\t\t\t<div class=\"image-tools grid-tools text-center hide-for-small bottom hover-slide-in show-on-hover\">\n\t\t\t\t\t\t\t\t\t\t\t\t\t\t\t\t\t\t\t<\/div>\n\t\t\t\t\t\t\t\t\t\t\t\t\t\t\t\t\t\t\t\t\t\t\t<\/div>\n\n\t\t\t\t\t\t\t<div class=\"box-text text-center\" >\n\t\t\t\t\t\t\t\t<div class=\"title-wrapper\">\t\t<p class=\"category uppercase is-smaller no-text-overflow product-cat op-7\">\n\t\t\tNATURAL FANCY FABRICS\t\t<\/p>\n\t<p class=\"name product-title woocommerce-loop-product__title\"><a href=\"https:\/\/www.akmen.com.tr\/tr\/urun\/akm-5631-4\/\" class=\"woocommerce-LoopProduct-link woocommerce-loop-product__link\">Turquoise-White-Yellow  Striped Fancy Fabric<\/a><\/p><\/div><div class=\"price-wrapper\"><\/div>\t\t\t\t\t\t\t<\/div>\n\t\t\t\t\t\t<\/div>\n\t\t\t\t\t\t<\/div>\n\t\t\t\t\t<\/div><div class=\"col\" >\n\t\t\t\t\t\t<div class=\"col-inner\">\n\t\t\t\t\t\t\n<div class=\"badge-container absolute left top z-1\">\n<\/div>\n\t\t\t\t\t\t<div class=\"product-small box has-hover box-badge hover-dark box-text-bottom\">\n\t\t\t\t\t\t\t<div class=\"box-image\" >\n\t\t\t\t\t\t\t\t<div class=\"\" >\n\t\t\t\t\t\t\t\t\t<a href=\"https:\/\/www.akmen.com.tr\/tr\/urun\/akm-2513-3\/\" aria-label=\"Grey-White -Blue Striped Boucklee Knitted Fabric\">\n\t\t\t\t\t\t\t\t\t\t<img decoding=\"async\" width=\"296\" height=\"296\" src=\"https:\/\/www.akmen.com.tr\/wp-content\/uploads\/woocommerce-placeholder-296x296.png\" class=\"woocommerce-placeholder wp-post-image\" alt=\"Yer tutucu\" srcset=\"https:\/\/www.akmen.com.tr\/wp-content\/uploads\/\/woocommerce-placeholder-296x296.png 296w, https:\/\/www.akmen.com.tr\/wp-content\/uploads\/\/woocommerce-placeholder-100x100.png 100w, https:\/\/www.akmen.com.tr\/wp-content\/uploads\/\/woocommerce-placeholder-295x295.png 295w, https:\/\/www.akmen.com.tr\/wp-content\/uploads\/\/woocommerce-placeholder-300x300.png 300w, https:\/\/www.akmen.com.tr\/wp-content\/uploads\/\/woocommerce-placeholder-1024x1024.png 1024w, https:\/\/www.akmen.com.tr\/wp-content\/uploads\/\/woocommerce-placeholder-150x150.png 150w, https:\/\/www.akmen.com.tr\/wp-content\/uploads\/\/woocommerce-placeholder-768x768.png 768w, https:\/\/www.akmen.com.tr\/wp-content\/uploads\/\/woocommerce-placeholder.png 1200w\" sizes=\"(max-width: 296px) 100vw, 296px\" \/>\t\t\t\t\t\t\t\t\t<\/a>\n\t\t\t\t\t\t\t\t\t\t\t\t\t\t\t\t\t\t \t\t\t\t\t\t\t\t<\/div>\n\t\t\t\t\t\t\t\t<div class=\"image-tools top right show-on-hover\">\n\t\t\t\t\t\t\t\t\t\t\t\t\t\t\t\t\t<\/div>\n\t\t\t\t\t\t\t\t\t\t\t\t\t\t\t\t\t<div class=\"image-tools grid-tools text-center hide-for-small bottom hover-slide-in show-on-hover\">\n\t\t\t\t\t\t\t\t\t\t\t\t\t\t\t\t\t\t\t<\/div>\n\t\t\t\t\t\t\t\t\t\t\t\t\t\t\t\t\t\t\t\t\t\t\t<\/div>\n\n\t\t\t\t\t\t\t<div class=\"box-text text-center\" >\n\t\t\t\t\t\t\t\t<div class=\"title-wrapper\">\t\t<p class=\"category uppercase is-smaller no-text-overflow product-cat op-7\">\n\t\t\tNATURAL FANCY FABRICS\t\t<\/p>\n\t<p class=\"name product-title woocommerce-loop-product__title\"><a href=\"https:\/\/www.akmen.com.tr\/tr\/urun\/akm-2513-3\/\" class=\"woocommerce-LoopProduct-link woocommerce-loop-product__link\">Grey-White -Blue Striped Boucklee Knitted Fabric<\/a><\/p><\/div><div class=\"price-wrapper\"><\/div>\t\t\t\t\t\t\t<\/div>\n\t\t\t\t\t\t<\/div>\n\t\t\t\t\t\t<\/div>\n\t\t\t\t\t<\/div><div class=\"col\" >\n\t\t\t\t\t\t<div class=\"col-inner\">\n\t\t\t\t\t\t\n<div class=\"badge-container absolute left top z-1\">\n<\/div>\n\t\t\t\t\t\t<div class=\"product-small box has-hover box-badge hover-dark box-text-bottom\">\n\t\t\t\t\t\t\t<div class=\"box-image\" >\n\t\t\t\t\t\t\t\t<div class=\"\" >\n\t\t\t\t\t\t\t\t\t<a href=\"https:\/\/www.akmen.com.tr\/tr\/urun\/akm-5179-1\/\" aria-label=\"Navy-White-Red Bouckle Striped Knitted Fabric\">\n\t\t\t\t\t\t\t\t\t\t<img decoding=\"async\" width=\"296\" height=\"296\" src=\"https:\/\/www.akmen.com.tr\/wp-content\/uploads\/2020\/10\/5179-1-296x296.jpg\" class=\"attachment-woocommerce_thumbnail size-woocommerce_thumbnail\" alt=\"Navy-White-Red Bouckle Striped Knitted Fabric\" srcset=\"https:\/\/www.akmen.com.tr\/wp-content\/uploads\/2020\/10\/5179-1-296x296.jpg 296w, https:\/\/www.akmen.com.tr\/wp-content\/uploads\/2020\/10\/5179-1-400x400.jpg 400w, https:\/\/www.akmen.com.tr\/wp-content\/uploads\/2020\/10\/5179-1-800x800.jpg 800w, https:\/\/www.akmen.com.tr\/wp-content\/uploads\/2020\/10\/5179-1-280x280.jpg 280w, https:\/\/www.akmen.com.tr\/wp-content\/uploads\/2020\/10\/5179-1-768x768.jpg 768w, https:\/\/www.akmen.com.tr\/wp-content\/uploads\/2020\/10\/5179-1-295x295.jpg 295w, https:\/\/www.akmen.com.tr\/wp-content\/uploads\/2020\/10\/5179-1-100x100.jpg 100w, https:\/\/www.akmen.com.tr\/wp-content\/uploads\/2020\/10\/5179-1.jpg 900w\" sizes=\"(max-width: 296px) 100vw, 296px\" \/>\t\t\t\t\t\t\t\t\t<\/a>\n\t\t\t\t\t\t\t\t\t\t\t\t\t\t\t\t\t\t \t\t\t\t\t\t\t\t<\/div>\n\t\t\t\t\t\t\t\t<div class=\"image-tools top right show-on-hover\">\n\t\t\t\t\t\t\t\t\t\t\t\t\t\t\t\t\t<\/div>\n\t\t\t\t\t\t\t\t\t\t\t\t\t\t\t\t\t<div class=\"image-tools grid-tools text-center hide-for-small bottom hover-slide-in show-on-hover\">\n\t\t\t\t\t\t\t\t\t\t\t\t\t\t\t\t\t\t\t<\/div>\n\t\t\t\t\t\t\t\t\t\t\t\t\t\t\t\t\t\t\t\t\t\t\t<\/div>\n\n\t\t\t\t\t\t\t<div class=\"box-text text-center\" >\n\t\t\t\t\t\t\t\t<div class=\"title-wrapper\">\t\t<p class=\"category uppercase is-smaller no-text-overflow product-cat op-7\">\n\t\t\tNATURAL FANCY FABRICS\t\t<\/p>\n\t<p class=\"name product-title woocommerce-loop-product__title\"><a href=\"https:\/\/www.akmen.com.tr\/tr\/urun\/akm-5179-1\/\" class=\"woocommerce-LoopProduct-link woocommerce-loop-product__link\">Navy-White-Red Bouckle Striped Knitted Fabric<\/a><\/p><\/div><div class=\"price-wrapper\"><\/div>\t\t\t\t\t\t\t<\/div>\n\t\t\t\t\t\t<\/div>\n\t\t\t\t\t\t<\/div>\n\t\t\t\t\t<\/div><div class=\"col\" >\n\t\t\t\t\t\t<div class=\"col-inner\">\n\t\t\t\t\t\t\n<div class=\"badge-container absolute left top z-1\">\n<\/div>\n\t\t\t\t\t\t<div class=\"product-small box has-hover box-badge hover-dark box-text-bottom\">\n\t\t\t\t\t\t\t<div class=\"box-image\" >\n\t\t\t\t\t\t\t\t<div class=\"\" >\n\t\t\t\t\t\t\t\t\t<a href=\"https:\/\/www.akmen.com.tr\/tr\/urun\/akm-4984\/\" aria-label=\"White-Blue Striped  Knitted Fabric\">\n\t\t\t\t\t\t\t\t\t\t<img decoding=\"async\" width=\"296\" height=\"296\" src=\"https:\/\/www.akmen.com.tr\/wp-content\/uploads\/2020\/10\/4984-296x296.jpg\" class=\"attachment-woocommerce_thumbnail size-woocommerce_thumbnail\" alt=\"White-Blue Striped  Knitted Fabric\" srcset=\"https:\/\/www.akmen.com.tr\/wp-content\/uploads\/2020\/10\/4984-296x296.jpg 296w, https:\/\/www.akmen.com.tr\/wp-content\/uploads\/2020\/10\/4984-400x400.jpg 400w, https:\/\/www.akmen.com.tr\/wp-content\/uploads\/2020\/10\/4984-800x800.jpg 800w, https:\/\/www.akmen.com.tr\/wp-content\/uploads\/2020\/10\/4984-280x280.jpg 280w, https:\/\/www.akmen.com.tr\/wp-content\/uploads\/2020\/10\/4984-768x768.jpg 768w, https:\/\/www.akmen.com.tr\/wp-content\/uploads\/2020\/10\/4984-295x295.jpg 295w, https:\/\/www.akmen.com.tr\/wp-content\/uploads\/2020\/10\/4984-100x100.jpg 100w, https:\/\/www.akmen.com.tr\/wp-content\/uploads\/2020\/10\/4984.jpg 900w\" sizes=\"(max-width: 296px) 100vw, 296px\" \/>\t\t\t\t\t\t\t\t\t<\/a>\n\t\t\t\t\t\t\t\t\t\t\t\t\t\t\t\t\t\t \t\t\t\t\t\t\t\t<\/div>\n\t\t\t\t\t\t\t\t<div class=\"image-tools top right show-on-hover\">\n\t\t\t\t\t\t\t\t\t\t\t\t\t\t\t\t\t<\/div>\n\t\t\t\t\t\t\t\t\t\t\t\t\t\t\t\t\t<div class=\"image-tools grid-tools text-center hide-for-small bottom hover-slide-in show-on-hover\">\n\t\t\t\t\t\t\t\t\t\t\t\t\t\t\t\t\t\t\t<\/div>\n\t\t\t\t\t\t\t\t\t\t\t\t\t\t\t\t\t\t\t\t\t\t\t<\/div>\n\n\t\t\t\t\t\t\t<div class=\"box-text text-center\" >\n\t\t\t\t\t\t\t\t<div class=\"title-wrapper\">\t\t<p class=\"category uppercase is-smaller no-text-overflow product-cat op-7\">\n\t\t\tNATURAL FANCY FABRICS\t\t<\/p>\n\t<p class=\"name product-title woocommerce-loop-product__title\"><a href=\"https:\/\/www.akmen.com.tr\/tr\/urun\/akm-4984\/\" class=\"woocommerce-LoopProduct-link woocommerce-loop-product__link\">White-Blue Striped  Knitted Fabric<\/a><\/p><\/div><div class=\"price-wrapper\"><\/div>\t\t\t\t\t\t\t<\/div>\n\t\t\t\t\t\t<\/div>\n\t\t\t\t\t\t<\/div>\n\t\t\t\t\t<\/div><div class=\"col\" >\n\t\t\t\t\t\t<div class=\"col-inner\">\n\t\t\t\t\t\t\n<div class=\"badge-container absolute left top z-1\">\n<\/div>\n\t\t\t\t\t\t<div class=\"product-small box has-hover box-badge hover-dark box-text-bottom\">\n\t\t\t\t\t\t\t<div class=\"box-image\" >\n\t\t\t\t\t\t\t\t<div class=\"\" >\n\t\t\t\t\t\t\t\t\t<a href=\"https:\/\/www.akmen.com.tr\/tr\/urun\/akm-5179-6\/\" aria-label=\"White-Ecru-Navy Bouqle Striped Knitted Fabric\">\n\t\t\t\t\t\t\t\t\t\t<img decoding=\"async\" width=\"296\" height=\"296\" src=\"https:\/\/www.akmen.com.tr\/wp-content\/uploads\/2020\/10\/5179-6-296x296.jpg\" class=\"attachment-woocommerce_thumbnail size-woocommerce_thumbnail\" alt=\"White-Ecru-Navy Bouqle Striped Knitted Fabric\" srcset=\"https:\/\/www.akmen.com.tr\/wp-content\/uploads\/2020\/10\/5179-6-296x296.jpg 296w, https:\/\/www.akmen.com.tr\/wp-content\/uploads\/2020\/10\/5179-6-400x400.jpg 400w, https:\/\/www.akmen.com.tr\/wp-content\/uploads\/2020\/10\/5179-6-800x800.jpg 800w, https:\/\/www.akmen.com.tr\/wp-content\/uploads\/2020\/10\/5179-6-280x280.jpg 280w, https:\/\/www.akmen.com.tr\/wp-content\/uploads\/2020\/10\/5179-6-768x768.jpg 768w, https:\/\/www.akmen.com.tr\/wp-content\/uploads\/2020\/10\/5179-6-295x295.jpg 295w, https:\/\/www.akmen.com.tr\/wp-content\/uploads\/2020\/10\/5179-6-100x100.jpg 100w, https:\/\/www.akmen.com.tr\/wp-content\/uploads\/2020\/10\/5179-6.jpg 900w\" sizes=\"(max-width: 296px) 100vw, 296px\" \/>\t\t\t\t\t\t\t\t\t<\/a>\n\t\t\t\t\t\t\t\t\t\t\t\t\t\t\t\t\t\t \t\t\t\t\t\t\t\t<\/div>\n\t\t\t\t\t\t\t\t<div class=\"image-tools top right show-on-hover\">\n\t\t\t\t\t\t\t\t\t\t\t\t\t\t\t\t\t<\/div>\n\t\t\t\t\t\t\t\t\t\t\t\t\t\t\t\t\t<div class=\"image-tools grid-tools text-center hide-for-small bottom hover-slide-in show-on-hover\">\n\t\t\t\t\t\t\t\t\t\t\t\t\t\t\t\t\t\t\t<\/div>\n\t\t\t\t\t\t\t\t\t\t\t\t\t\t\t\t\t\t\t\t\t\t\t<\/div>\n\n\t\t\t\t\t\t\t<div class=\"box-text text-center\" >\n\t\t\t\t\t\t\t\t<div class=\"title-wrapper\">\t\t<p class=\"category uppercase is-smaller no-text-overflow product-cat op-7\">\n\t\t\tNATURAL FANCY FABRICS\t\t<\/p>\n\t<p class=\"name product-title woocommerce-loop-product__title\"><a href=\"https:\/\/www.akmen.com.tr\/tr\/urun\/akm-5179-6\/\" class=\"woocommerce-LoopProduct-link woocommerce-loop-product__link\">White-Ecru-Navy Bouqle Striped Knitted Fabric<\/a><\/p><\/div><div class=\"price-wrapper\"><\/div>\t\t\t\t\t\t\t<\/div>\n\t\t\t\t\t\t<\/div>\n\t\t\t\t\t\t<\/div>\n\t\t\t\t\t<\/div><\/div>\n\n\n\t\t<\/div>\n\n\t\t\n<style>\n#section_276379426 {\n  padding-top: 30px;\n  padding-bottom: 30px;\n  background-color: rgb(242, 242, 242);\n}\n#section_276379426 .ux-shape-divider--top svg {\n  height: 150px;\n  --divider-top-width: 100%;\n}\n#section_276379426 .ux-shape-divider--bottom svg {\n  height: 150px;\n  --divider-width: 100%;\n}\n<\/style>\n\t<\/section>\n\t\n\n","protected":false},"excerpt":{"rendered":"","protected":false},"author":1,"featured_media":0,"parent":0,"menu_order":0,"comment_status":"closed","ping_status":"closed","template":"page-blank.php","meta":{"footnotes":""},"class_list":["post-5667","page","type-page","status-publish","hentry"],"_links":{"self":[{"href":"https:\/\/www.akmen.com.tr\/tr\/wp-json\/wp\/v2\/pages\/5667","targetHints":{"allow":["GET"]}}],"collection":[{"href":"https:\/\/www.akmen.com.tr\/tr\/wp-json\/wp\/v2\/pages"}],"about":[{"href":"https:\/\/www.akmen.com.tr\/tr\/wp-json\/wp\/v2\/types\/page"}],"author":[{"embeddable":true,"href":"https:\/\/www.akmen.com.tr\/tr\/wp-json\/wp\/v2\/users\/1"}],"replies":[{"embeddable":true,"href":"https:\/\/www.akmen.com.tr\/tr\/wp-json\/wp\/v2\/comments?post=5667"}],"version-history":[{"count":0,"href":"https:\/\/www.akmen.com.tr\/tr\/wp-json\/wp\/v2\/pages\/5667\/revisions"}],"wp:attachment":[{"href":"https:\/\/www.akmen.com.tr\/tr\/wp-json\/wp\/v2\/media?parent=5667"}],"curies":[{"name":"wp","href":"https:\/\/api.w.org\/{rel}","templated":true}]}}