{"id":6220,"date":"2013-08-06T20:13:19","date_gmt":"2013-08-06T20:13:19","guid":{"rendered":"http:\/\/localhost:8888\/test\/?page_id=17"},"modified":"2025-06-21T12:34:03","modified_gmt":"2025-06-21T12:34:03","slug":"akmen-mensucat","status":"publish","type":"page","link":"https:\/\/www.akmen.com.tr\/tr\/","title":{"rendered":"Akmen Mensucat"},"content":{"rendered":"\n<div class=\"slider-wrapper relative slidehome\" id=\"slider-527654745\" >\n    <div class=\"slider slider-type-fade slider-nav-circle slider-nav-large slider-nav-light slider-style-normal\"\n        data-flickity-options='{\n            \"cellAlign\": \"center\",\n            \"imagesLoaded\": true,\n            \"lazyLoad\": 1,\n            \"freeScroll\": false,\n            \"wrapAround\": true,\n            \"autoPlay\": 6000,\n            \"pauseAutoPlayOnHover\" : false,\n            \"prevNextButtons\": false,\n            \"contain\" : true,\n            \"adaptiveHeight\" : true,\n            \"dragThreshold\" : 10,\n            \"percentPosition\": true,\n            \"pageDots\": false,\n            \"rightToLeft\": false,\n            \"draggable\": false,\n            \"selectedAttraction\": 0.1,\n            \"parallax\" : 0,\n            \"friction\": 0.6        }'\n        >\n        \n\n\n  <div class=\"banner has-hover has-video\" id=\"banner-778762317\">\n          <div class=\"banner-inner fill\">\n        <div class=\"banner-bg fill\" >\n            <div class=\"bg fill bg-fill \"><\/div>\n            \t<div class=\"video-overlay no-click fill visible\"><\/div>\n\t<video class=\"video-bg fill visible\" preload playsinline autoplay\n\t\tmuted\t\tloop>\n\t\t<source src=\"https:\/\/www.akmen.com.tr\/wp-content\/uploads\/2025\/06\/Akmen-Mensucat-homeV2.mp4\" type=\"video\/mp4\">\t<\/video>\n            <div class=\"overlay\"><\/div>            \n                    <\/div>\n\t\t\n        <div class=\"banner-layers container\">\n            <div class=\"fill banner-link\"><\/div>            \n\n   <div id=\"text-box-1311040679\" class=\"text-box banner-layer x50 md-x50 lg-x50 y50 md-y50 lg-y50 res-text\">\n                     <div data-animate=\"flipInY\">           <div class=\"text-box-content text dark\">\n              \n              <div class=\"text-inner text-center\">\n                  \n\n<\/p>\n<h3>Akmen Mensucat<\/h3>\n<p>\n<div class=\"is-divider divider clearfix\" style=\"margin-top:3px;margin-bottom:3px;\"><\/div>\n\n<h1 class=\"h-large uppercase\"><span style=\"font-size: 160%;\"><strong>FaNTEZ\u0130<\/strong><\/span><br \/>\n<class=\"uppercase\">\u00d6RME KUMA\u015e<\/h1>\n<p>\u00a0<\/p>\n<div class=\"is-divider divider clearfix\" ><\/div>\n\n<a href=\"https:\/\/www.akmen.com.tr\/urunler\/\" target=\"_self\" class=\"button white is-outline\"  >\n    <span>\u00dcR\u00dcNLER<\/span>\n  <\/a>\n\n\n\n              <\/div>\n           <\/div>\n       <\/div>                     \n<style>\n#text-box-1311040679 {\n  width: 100%;\n}\n#text-box-1311040679 .text-box-content {\n  font-size: 100%;\n}\n@media (min-width:550px) {\n  #text-box-1311040679 {\n    width: 70%;\n  }\n}\n<\/style>\n    <\/div>\n \n\n        <\/div>\n      <\/div>\n\n            \n<style>\n#banner-778762317 {\n  padding-top: 600px;\n}\n#banner-778762317 .bg.bg-loaded {\n  background-image: 6399;\n}\n#banner-778762317 .overlay {\n  background-color: rgba(0, 0, 0, 0.02);\n}\n#banner-778762317 .bg {\n  background-position: 50% 63%;\n}\n#banner-778762317 .ux-shape-divider--top svg {\n  height: 150px;\n  --divider-top-width: 100%;\n}\n#banner-778762317 .ux-shape-divider--bottom svg {\n  height: 150px;\n  --divider-width: 100%;\n}\n<\/style>\n  <\/div>\n\n\n\n     <\/div>\n\n     <div class=\"loading-spin dark large centered\"><\/div>\n\n     \t<\/div>\n\n\n<div class=\"row align-center\" style=\"max-width:1332.5px\" id=\"row-1523281742\">\n\n\n\t<div id=\"col-154453846\" class=\"col medium-6 small-12 large-6\"  >\n\t\t\t\t<div class=\"col-inner\"  >\n\t\t\t\n\t\t\t\n\n\n  <div class=\"banner has-hover bg-zoom-fade\" id=\"banner-710629369\">\n          <div class=\"banner-inner fill\">\n        <div class=\"banner-bg fill\" >\n            <div class=\"bg fill bg-fill \"><\/div>\n                        <div class=\"overlay\"><\/div>            \n                    <\/div>\n\t\t\n        <div class=\"banner-layers container\">\n            <a class=\"fill\" href=\"https:\/\/www.akmen.com.tr\/urunler\/\" rel=\"Yeni \u00dcr\u00fcnler\" ><div class=\"fill banner-link\"><\/div><\/a>            \n\n   <div id=\"text-box-1196440740\" class=\"text-box banner-layer x50 md-x50 lg-x50 y50 md-y50 lg-y50 res-text\">\n                                <div class=\"text-box-content text dark\">\n              \n              <div class=\"text-inner text-center\">\n                  \n\n<\/p>\n<h2><strong><span class=\"uppercase\">YEN\u0130 \u00dcR\u00dcNLER<\/span><\/strong><\/h2>\n<p>\n<a data-animate=\"bounceIn\" href=\"https:\/\/www.akmen.com.tr\/urunler\/\" target=\"_self\" class=\"button white is-outline is-xlarge\"  >\n    <span>\u00dcR\u00dcNLER<\/span>\n  <\/a>\n\n\n<div class=\"is-divider divider clearfix\" ><\/div>\n\n\n              <\/div>\n           <\/div>\n                            \n<style>\n#text-box-1196440740 {\n  width: 60%;\n}\n#text-box-1196440740 .text-box-content {\n  font-size: 100%;\n}\n<\/style>\n    <\/div>\n \n\n        <\/div>\n      <\/div>\n\n            \n<style>\n#banner-710629369 {\n  padding-top: 580px;\n}\n#banner-710629369 .bg.bg-loaded {\n  background-image: url(https:\/\/www.akmen.com.tr\/wp-content\/uploads\/2020\/10\/kumas-1024x480.jpg);\n}\n#banner-710629369 .overlay {\n  background-color: rgba(0, 0, 0, 0.256);\n}\n#banner-710629369 .bg {\n  background-position: 55% 11%;\n}\n#banner-710629369 .ux-shape-divider--top svg {\n  height: 150px;\n  --divider-top-width: 100%;\n}\n#banner-710629369 .ux-shape-divider--bottom svg {\n  height: 150px;\n  --divider-width: 100%;\n}\n<\/style>\n  <\/div>\n\n\n\n\t\t<\/div>\n\t\t\t\t\t<\/div>\n\n\t\n\n\t<div id=\"col-477440678\" class=\"col medium-6 small-12 large-6\"  >\n\t\t\t\t<div class=\"col-inner\"  >\n\t\t\t\n\t\t\t\n\n\n  <div class=\"banner has-hover bg-zoom-fade\" id=\"banner-530245308\">\n          <div class=\"banner-inner fill\">\n        <div class=\"banner-bg fill\" >\n            <div class=\"bg fill bg-fill \"><\/div>\n                        <div class=\"overlay\"><\/div>            \n                    <\/div>\n\t\t\n        <div class=\"banner-layers container\">\n            <a class=\"fill\" href=\"https:\/\/www.akmen.com.tr\/urun-kategori\/natural-fancy-fabrics\/\" target=\"_blank\" rel=\"noopener noreferrer\" ><div class=\"fill banner-link\"><\/div><\/a>            \n\n   <div id=\"text-box-749517698\" class=\"text-box banner-layer x50 md-x50 lg-x50 y50 md-y50 lg-y50 res-text\">\n                                <div class=\"text-box-content text dark\">\n              \n              <div class=\"text-inner text-center\">\n                  \n\n<h2>NATURAL<br \/>FANCY FABRICS<\/h2>\n<p>\u00a0<\/p>\n<a data-animate=\"bounceIn\" href=\"https:\/\/www.akmen.com.tr\/urun-kategori\/natural-fancy-fabrics\/\" target=\"_self\" class=\"button white is-outline is-xlarge\"  >\n    <span>\u00dcR\u00dcNLER<\/span>\n  <\/a>\n\n\n<div class=\"is-divider divider clearfix\" ><\/div>\n\n\n              <\/div>\n           <\/div>\n                            \n<style>\n#text-box-749517698 {\n  width: 60%;\n}\n#text-box-749517698 .text-box-content {\n  font-size: 100%;\n}\n<\/style>\n    <\/div>\n \n\n        <\/div>\n      <\/div>\n\n            \n<style>\n#banner-530245308 {\n  padding-top: 275px;\n}\n#banner-530245308 .bg.bg-loaded {\n  background-image: url(https:\/\/www.akmen.com.tr\/wp-content\/uploads\/2020\/10\/505.jpg);\n}\n#banner-530245308 .overlay {\n  background-color: rgba(0, 0, 0, 0.256);\n}\n#banner-530245308 .bg {\n  background-position: 0 34%;\n}\n#banner-530245308 .ux-shape-divider--top svg {\n  height: 150px;\n  --divider-top-width: 100%;\n}\n#banner-530245308 .ux-shape-divider--bottom svg {\n  height: 150px;\n  --divider-width: 100%;\n}\n<\/style>\n  <\/div>\n\n\n\t<div id=\"gap-691531178\" class=\"gap-element clearfix\" style=\"display:block; height:auto;\">\n\t\t\n<style>\n#gap-691531178 {\n  padding-top: 30px;\n}\n<\/style>\n\t<\/div>\n\t\n\n\n  <div class=\"banner has-hover bg-zoom-fade\" id=\"banner-243149048\">\n          <div class=\"banner-inner fill\">\n        <div class=\"banner-bg fill\" >\n            <div class=\"bg fill bg-fill \"><\/div>\n                        <div class=\"overlay\"><\/div>            \n                    <\/div>\n\t\t\n        <div class=\"banner-layers container\">\n            <a class=\"fill\" href=\"https:\/\/www.akmen.com.tr\/urun-kategori\/high-fancy-fabrics\/\"  ><div class=\"fill banner-link\"><\/div><\/a>            \n\n   <div id=\"text-box-669804630\" class=\"text-box banner-layer x50 md-x50 lg-x50 y50 md-y50 lg-y50 res-text\">\n                                <div class=\"text-box-content text dark\">\n              \n              <div class=\"text-inner text-center\">\n                  \n\n<h2>HIGH<br \/>FANCY FABRICS<\/h2>\n<p>\u00a0<\/p>\n<a data-animate=\"bounceIn\" href=\"https:\/\/www.akmen.com.tr\/urun-kategori\/high-fancy-fabrics\/\" target=\"_self\" class=\"button white is-outline is-xlarge\"  >\n    <span>\u00dcR\u00dcNLER<\/span>\n  <\/a>\n\n\n<div class=\"is-divider divider clearfix\" ><\/div>\n\n\n              <\/div>\n           <\/div>\n                            \n<style>\n#text-box-669804630 {\n  width: 60%;\n}\n#text-box-669804630 .text-box-content {\n  font-size: 100%;\n}\n<\/style>\n    <\/div>\n \n\n        <\/div>\n      <\/div>\n\n            \n<style>\n#banner-243149048 {\n  padding-top: 275px;\n}\n#banner-243149048 .bg.bg-loaded {\n  background-image: url(https:\/\/www.akmen.com.tr\/wp-content\/uploads\/2020\/10\/CD_0297.jpg);\n}\n#banner-243149048 .overlay {\n  background-color: rgba(0, 0, 0, 0.256);\n}\n#banner-243149048 .bg {\n  background-position: 0 34%;\n}\n#banner-243149048 .ux-shape-divider--top svg {\n  height: 150px;\n  --divider-top-width: 100%;\n}\n#banner-243149048 .ux-shape-divider--bottom svg {\n  height: 150px;\n  --divider-width: 100%;\n}\n<\/style>\n  <\/div>\n\n\n\n\t\t<\/div>\n\t\t\t\t\t<\/div>\n\n\t\n\n<\/div>\n\n  <div class=\"banner has-hover\" id=\"banner-1211455493\">\n          <div class=\"banner-inner fill\">\n        <div class=\"banner-bg fill\" >\n            <div class=\"bg fill bg-fill \"><\/div>\n                        <div class=\"overlay\"><\/div>            \n                    <\/div>\n\t\t\n        <div class=\"banner-layers container\">\n            <div class=\"fill banner-link\"><\/div>            \n\n   <div id=\"text-box-1421615458\" class=\"text-box banner-layer x50 md-x50 lg-x50 y50 md-y50 lg-y50 res-text\">\n                                <div class=\"text-box-content text dark\">\n              \n              <div class=\"text-inner text-center\">\n                  \n\n<\/p>\n<h3>B\u00dcLTEN\u0130M\u0130ZE KATILIN<\/h3>\n<p><span style=\"color: #000000;\">En yeni \u00fcr\u00fcnlerimiz ve yeniliklerden haberdar olun1<\/span><\/p>\n<p>\n\n<div class=\"wpcf7 no-js\" id=\"wpcf7-f7335-o1\" lang=\"tr-TR\" dir=\"ltr\" data-wpcf7-id=\"7335\">\n<div class=\"screen-reader-response\"><p role=\"status\" aria-live=\"polite\" aria-atomic=\"true\"><\/p> <ul><\/ul><\/div>\n<form action=\"\/tr\/wp-json\/wp\/v2\/pages\/6220#wpcf7-f7335-o1\" method=\"post\" class=\"wpcf7-form init\" aria-label=\"\u0130leti\u015fim Formu\" novalidate=\"novalidate\" data-status=\"init\">\n<fieldset class=\"hidden-fields-container\"><input type=\"hidden\" name=\"_wpcf7\" value=\"7335\" \/><input type=\"hidden\" name=\"_wpcf7_version\" value=\"6.1.5\" \/><input type=\"hidden\" name=\"_wpcf7_locale\" value=\"tr_TR\" \/><input type=\"hidden\" name=\"_wpcf7_unit_tag\" value=\"wpcf7-f7335-o1\" \/><input type=\"hidden\" name=\"_wpcf7_container_post\" value=\"0\" \/><input type=\"hidden\" name=\"_wpcf7_posted_data_hash\" value=\"\" \/><input type=\"hidden\" name=\"_wpcf7_recaptcha_response\" value=\"\" \/>\n<\/fieldset>\n<div class=\"flex-row form-flat medium-flex-wrap\">\n\t<div class=\"flex-col flex-grow\">\n\t\t<p><span class=\"wpcf7-form-control-wrap\" data-name=\"your-email\"><input size=\"40\" maxlength=\"400\" class=\"wpcf7-form-control wpcf7-email wpcf7-validates-as-required wpcf7-text wpcf7-validates-as-email\" aria-required=\"true\" aria-invalid=\"false\" placeholder=\"Email Adresiniz (gerekli)\" value=\"\" type=\"email\" name=\"your-email\" \/><\/span>\n\t\t<\/p>\n\t<\/div>\n\t<div class=\"flex-col ml-half\">\n\t\t<p><input class=\"wpcf7-form-control wpcf7-submit has-spinner button\" type=\"submit\" value=\"Bize kat\u0131l\u0131n\" \/>\n\t\t<\/p>\n\t<\/div>\n<\/div><div class=\"wpcf7-response-output\" aria-hidden=\"true\"><\/div>\n<\/form>\n<\/div>\n\n\n\n              <\/div>\n           <\/div>\n                            \n<style>\n#text-box-1421615458 {\n  width: 60%;\n}\n#text-box-1421615458 .text-box-content {\n  font-size: 100%;\n}\n<\/style>\n    <\/div>\n \n\n        <\/div>\n      <\/div>\n\n            \n<style>\n#banner-1211455493 {\n  padding-top: 352px;\n}\n#banner-1211455493 .bg.bg-loaded {\n  background-image: url(https:\/\/www.akmen.com.tr\/wp-content\/uploads\/2021\/03\/iplik-1400x557.jpg);\n}\n#banner-1211455493 .overlay {\n  background-color: rgba(209, 209, 209, 0.715);\n}\n#banner-1211455493 .ux-shape-divider--top svg {\n  height: 150px;\n  --divider-top-width: 100%;\n}\n#banner-1211455493 .ux-shape-divider--bottom svg {\n  height: 150px;\n  --divider-width: 100%;\n}\n<\/style>\n  <\/div>\n\n\n<\/p>\n\n","protected":false},"excerpt":{"rendered":"","protected":false},"author":1,"featured_media":5168,"parent":0,"menu_order":1,"comment_status":"closed","ping_status":"closed","template":"page-blank.php","meta":{"footnotes":""},"class_list":["post-6220","page","type-page","status-publish","has-post-thumbnail","hentry"],"_links":{"self":[{"href":"https:\/\/www.akmen.com.tr\/tr\/wp-json\/wp\/v2\/pages\/6220","targetHints":{"allow":["GET"]}}],"collection":[{"href":"https:\/\/www.akmen.com.tr\/tr\/wp-json\/wp\/v2\/pages"}],"about":[{"href":"https:\/\/www.akmen.com.tr\/tr\/wp-json\/wp\/v2\/types\/page"}],"author":[{"embeddable":true,"href":"https:\/\/www.akmen.com.tr\/tr\/wp-json\/wp\/v2\/users\/1"}],"replies":[{"embeddable":true,"href":"https:\/\/www.akmen.com.tr\/tr\/wp-json\/wp\/v2\/comments?post=6220"}],"version-history":[{"count":1,"href":"https:\/\/www.akmen.com.tr\/tr\/wp-json\/wp\/v2\/pages\/6220\/revisions"}],"predecessor-version":[{"id":8068,"href":"https:\/\/www.akmen.com.tr\/tr\/wp-json\/wp\/v2\/pages\/6220\/revisions\/8068"}],"wp:featuredmedia":[{"embeddable":true,"href":"https:\/\/www.akmen.com.tr\/tr\/wp-json\/wp\/v2\/media\/5168"}],"wp:attachment":[{"href":"https:\/\/www.akmen.com.tr\/tr\/wp-json\/wp\/v2\/media?parent=6220"}],"curies":[{"name":"wp","href":"https:\/\/api.w.org\/{rel}","templated":true}]}}